 {"id":282,"date":"2020-09-15T19:40:53","date_gmt":"2020-09-15T19:40:53","guid":{"rendered":"http:\/\/posada06tulum.com\/?page_id=282"},"modified":"2023-07-05T00:19:16","modified_gmt":"2023-07-05T00:19:16","slug":"transporte","status":"publish","type":"page","link":"https:\/\/posada06tulum.com\/en\/transporte\/","title":{"rendered":"TRANSPORT"},"content":{"rendered":"<div data-elementor-type=\"wp-page\" data-elementor-id=\"282\" class=\"elementor elementor-282\" data-elementor-post-type=\"page\">\n\t\t\t\t\t\t<section class=\"elementor-section elementor-top-section elementor-element elementor-element-28b2524 elementor-section-full_width elementor-section-stretched elementor-section-height-min-height elementor-section-height-default elementor-section-items-middle\" data-id=\"28b2524\" data-element_type=\"section\" data-e-type=\"section\" data-settings=\"{&quot;stretch_section&quot;:&quot;section-stretched&quot;,&quot;background_background&quot;:&quot;classic&quot;}\">\n\t\t\t\t\t\t\t<div class=\"elementor-background-overlay\"><\/div>\n\t\t\t\t\t\t\t<div class=\"elementor-container elementor-column-gap-default\">\n\t\t\t\t\t<div class=\"elementor-column elementor-col-100 elementor-top-column elementor-element elementor-element-c88e0b2\" data-id=\"c88e0b2\" data-element_type=\"column\" data-e-type=\"column\">\n\t\t\t<div class=\"elementor-widget-wrap elementor-element-populated\">\n\t\t\t\t\t\t<div class=\"elementor-element elementor-element-7a7fad4 elementor-widget elementor-widget-spacer\" data-id=\"7a7fad4\" data-element_type=\"widget\" data-e-type=\"widget\" data-widget_type=\"spacer.default\">\n\t\t\t\t<div class=\"elementor-widget-container\">\n\t\t\t\t\t\t\t<div class=\"elementor-spacer\">\n\t\t\t<div class=\"elementor-spacer-inner\"><\/div>\n\t\t<\/div>\n\t\t\t\t\t\t<\/div>\n\t\t\t\t<\/div>\n\t\t\t\t<div class=\"elementor-element elementor-element-d8fe1b7 elementor-widget elementor-widget-text-editor\" data-id=\"d8fe1b7\" data-element_type=\"widget\" data-e-type=\"widget\" data-widget_type=\"text-editor.default\">\n\t\t\t\t<div class=\"elementor-widget-container\">\n\t\t\t\t\t\t\t\t\t<p>Transport service<\/p>\t\t\t\t\t\t\t\t<\/div>\n\t\t\t\t<\/div>\n\t\t\t\t\t<\/div>\n\t\t<\/div>\n\t\t\t\t\t<\/div>\n\t\t<\/section>\n\t\t\t\t<section class=\"elementor-section elementor-top-section elementor-element elementor-element-1c05d27 elementor-section-full_width elementor-section-stretched animated-slow elementor-section-height-default elementor-section-height-default elementor-invisible\" data-id=\"1c05d27\" data-element_type=\"section\" data-e-type=\"section\" data-settings=\"{&quot;stretch_section&quot;:&quot;section-stretched&quot;,&quot;background_background&quot;:&quot;classic&quot;,&quot;animation&quot;:&quot;fadeInRight&quot;}\">\n\t\t\t\t\t\t<div class=\"elementor-container elementor-column-gap-default\">\n\t\t\t\t\t<div class=\"elementor-column elementor-col-100 elementor-top-column elementor-element elementor-element-8985c63\" data-id=\"8985c63\" data-element_type=\"column\" data-e-type=\"column\">\n\t\t\t<div class=\"elementor-widget-wrap elementor-element-populated\">\n\t\t\t\t\t\t<div class=\"elementor-element elementor-element-8b8f0a3 elementor-widget elementor-widget-text-editor\" data-id=\"8b8f0a3\" data-element_type=\"widget\" data-e-type=\"widget\" data-widget_type=\"text-editor.default\">\n\t\t\t\t<div class=\"elementor-widget-container\">\n\t\t\t\t\t\t\t\t\t<div class=\"group segmentsize1\"><h2 class=\"full-width-h2\"><b>Transportation To and\/or From Cancun Airport<\/b><\/h2><\/div><div class=\"group segmentsize1\"><div class=\"full-width-text-block\">\u00a0<\/div><\/div>\t\t\t\t\t\t\t\t<\/div>\n\t\t\t\t<\/div>\n\t\t\t\t<div class=\"elementor-element elementor-element-bb0d105 elementor-widget elementor-widget-text-editor\" data-id=\"bb0d105\" data-element_type=\"widget\" data-e-type=\"widget\" data-widget_type=\"text-editor.default\">\n\t\t\t\t<div class=\"elementor-widget-container\">\n\t\t\t\t\t\t\t\t\t<p>The hotel is affiliated with the agent transportation company authorized by the Ministry of Mexico (SCT) of the Ministry of Transportation of Tourism Mexico (SECTUR) and the Cancun International Airport (ASUR), which offers a first class service in tourist transportation. All vehicles are insured against current Ministry of Transport safety requirements. The fleet of high-quality vehicles, equipped with air conditioning, are checked daily by mechanics before starting your trip, in order to offer the best service. The drivers are carefully selected professionals with extensive experience in the land transport sector, authorized by the Ministry of Transport. Courteous, reliable they are ready to offer a perfect service 24\/7.<\/p><p>The Hotel POSADA 06 Tulum can organize private transportation, from the Cancun airport to the Hotel<\/p><div><p><b>PRICES<\/b><\/p><\/div><div>1 to 2 pax $145 USD - Round Trip $290 USD\u00a0<\/div><div>3 to 5 pax $170 USD - Round Trip $340 USD<\/div><div>6 to 7 pax $185<span style=\"letter-spacing: 0.3px;\">\u00a0USD - Round Trip $<\/span>370 USD<\/div><div>8 to 10 pax $200 USD - Round Trip $400 USD<\/div><div>\u00a0<\/div><div><b>VIP Service\u00a0<\/b><\/div><div>1 to 5 pax $220 USD - Round Trip $440 USD<\/div>\t\t\t\t\t\t\t\t<\/div>\n\t\t\t\t<\/div>\n\t\t\t\t<div class=\"elementor-element elementor-element-9f397c9 elementor-widget elementor-widget-text-editor\" data-id=\"9f397c9\" data-element_type=\"widget\" data-e-type=\"widget\" data-widget_type=\"text-editor.default\">\n\t\t\t\t<div class=\"elementor-widget-container\">\n\t\t\t\t\t\t\t\t\t<div class=\"group segmentsize1\"><h2 class=\"full-width-h2\"><b>How can I make a booking?<\/b><\/h2><\/div><div class=\"group segmentsize1\"><div class=\"full-width-text-block\">\u00a0<\/div><\/div>\t\t\t\t\t\t\t\t<\/div>\n\t\t\t\t<\/div>\n\t\t\t\t<div class=\"elementor-element elementor-element-33b61d4 elementor-widget elementor-widget-text-editor\" data-id=\"33b61d4\" data-element_type=\"widget\" data-e-type=\"widget\" data-widget_type=\"text-editor.default\">\n\t\t\t\t<div class=\"elementor-widget-container\">\n\t\t\t\t\t\t\t\t\t<div>Please send an email, 2 days in advance, to&nbsp;<b>posada06booking@gmail.com<\/b>&nbsp;with the information of:<\/div>\n<div>\u2013  Name and surname<\/div>\n<div>\u2013 Amount of people<\/div>\n<div>\u2013 Flight number<\/div>\n<div>\u2013 Airline<\/div>\n<div>\u2013 Departure city<\/div>\n<div>\u2013 Arrival time to Cancun<\/div>\t\t\t\t\t\t\t\t<\/div>\n\t\t\t\t<\/div>\n\t\t\t\t\t<\/div>\n\t\t<\/div>\n\t\t\t\t\t<\/div>\n\t\t<\/section>\n\t\t\t\t<\/div>","protected":false},"excerpt":{"rendered":"<p>Servicio de transporte Transporte Hacia y\/o Desde el Aeropuerto de Canc\u00fan \u00a0 El hotel est\u00e1 afiliado a la empresa de transporte agente autorizado por el Ministerio de M\u00e9xico (SCT) del Ministerio de Transporte de Turismo M\u00e9xico (SECTUR) y el aeropuerto internacional de Canc\u00fan (ASUR), que ofrece un servicio de primera clase en transporte tur\u00edstico. Todos [&hellip;]<\/p>","protected":false},"author":1,"featured_media":0,"parent":0,"menu_order":0,"comment_status":"closed","ping_status":"closed","template":"elementor_header_footer","meta":{"footnotes":""},"class_list":["post-282","page","type-page","status-publish","hentry"],"yoast_head":"<!-- This site is optimized with the Yoast SEO plugin v24.7 - https:\/\/yoast.com\/wordpress\/plugins\/seo\/ -->\n<title>TRANSPORTE - Posada 06 Tulum Boutique Hotel<\/title>\n<meta name=\"robots\" content=\"index, follow, max-snippet:-1, max-image-preview:large, max-video-preview:-1\" \/>\n<link rel=\"canonical\" href=\"https:\/\/posada06tulum.com\/en\/transporte\/\" \/>\n<meta property=\"og:locale\" content=\"en_US\" \/>\n<meta property=\"og:type\" content=\"article\" \/>\n<meta property=\"og:title\" content=\"TRANSPORTE - Posada 06 Tulum Boutique Hotel\" \/>\n<meta property=\"og:description\" content=\"Servicio de transporte Transporte Hacia y\/o Desde el Aeropuerto de Canc\u00fan \u00a0 El hotel est\u00e1 afiliado a la empresa de transporte agente autorizado por el Ministerio de M\u00e9xico (SCT) del Ministerio de Transporte de Turismo M\u00e9xico (SECTUR) y el aeropuerto internacional de Canc\u00fan (ASUR), que ofrece un servicio de primera clase en transporte tur\u00edstico. Todos [&hellip;]\" \/>\n<meta property=\"og:url\" content=\"https:\/\/posada06tulum.com\/en\/transporte\/\" \/>\n<meta property=\"og:site_name\" content=\"Posada 06 Tulum Boutique Hotel\" \/>\n<meta property=\"article:publisher\" content=\"https:\/\/www.facebook.com\/posada06tulum\" \/>\n<meta property=\"article:modified_time\" content=\"2023-07-05T00:19:16+00:00\" \/>\n<meta name=\"twitter:card\" content=\"summary_large_image\" \/>\n<meta name=\"twitter:site\" content=\"@HOTELPOSADA06\" \/>\n<meta name=\"twitter:label1\" content=\"Est. reading time\" \/>\n\t<meta name=\"twitter:data1\" content=\"2 minutes\" \/>\n<script type=\"application\/ld+json\" class=\"yoast-schema-graph\">{\"@context\":\"https:\/\/schema.org\",\"@graph\":[{\"@type\":\"WebPage\",\"@id\":\"https:\/\/posada06tulum.com\/transporte\/\",\"url\":\"https:\/\/posada06tulum.com\/transporte\/\",\"name\":\"TRANSPORTE - Posada 06 Tulum Boutique Hotel\",\"isPartOf\":{\"@id\":\"https:\/\/posada06tulum.com\/#website\"},\"datePublished\":\"2020-09-15T19:40:53+00:00\",\"dateModified\":\"2023-07-05T00:19:16+00:00\",\"breadcrumb\":{\"@id\":\"https:\/\/posada06tulum.com\/transporte\/#breadcrumb\"},\"inLanguage\":\"en-US\",\"potentialAction\":[{\"@type\":\"ReadAction\",\"target\":[\"https:\/\/posada06tulum.com\/transporte\/\"]}]},{\"@type\":\"BreadcrumbList\",\"@id\":\"https:\/\/posada06tulum.com\/transporte\/#breadcrumb\",\"itemListElement\":[{\"@type\":\"ListItem\",\"position\":1,\"name\":\"Portada\",\"item\":\"https:\/\/posada06tulum.com\/\"},{\"@type\":\"ListItem\",\"position\":2,\"name\":\"TRANSPORTE\"}]},{\"@type\":\"WebSite\",\"@id\":\"https:\/\/posada06tulum.com\/#website\",\"url\":\"https:\/\/posada06tulum.com\/\",\"name\":\"Posada 06 Tulum Boutique Hotel\",\"description\":\"A classic in Tulum Pueblo\",\"publisher\":{\"@id\":\"https:\/\/posada06tulum.com\/#organization\"},\"potentialAction\":[{\"@type\":\"SearchAction\",\"target\":{\"@type\":\"EntryPoint\",\"urlTemplate\":\"https:\/\/posada06tulum.com\/?s={search_term_string}\"},\"query-input\":{\"@type\":\"PropertyValueSpecification\",\"valueRequired\":true,\"valueName\":\"search_term_string\"}}],\"inLanguage\":\"en-US\"},{\"@type\":\"Organization\",\"@id\":\"https:\/\/posada06tulum.com\/#organization\",\"name\":\"Posada 06 Tulum Boutique Hotel\",\"url\":\"https:\/\/posada06tulum.com\/\",\"logo\":{\"@type\":\"ImageObject\",\"inLanguage\":\"en-US\",\"@id\":\"https:\/\/posada06tulum.com\/#\/schema\/logo\/image\/\",\"url\":\"https:\/\/posada06tulum.com\/wp-content\/uploads\/2020\/09\/favicon.png\",\"contentUrl\":\"https:\/\/posada06tulum.com\/wp-content\/uploads\/2020\/09\/favicon.png\",\"width\":568,\"height\":568,\"caption\":\"Posada 06 Tulum Boutique Hotel\"},\"image\":{\"@id\":\"https:\/\/posada06tulum.com\/#\/schema\/logo\/image\/\"},\"sameAs\":[\"https:\/\/www.facebook.com\/posada06tulum\",\"https:\/\/x.com\/HOTELPOSADA06\",\"https:\/\/www.instagram.com\/posada06tulum\/\"]}]}<\/script>\n<!-- \/ Yoast SEO plugin. -->","yoast_head_json":{"title":"TRANSPORTE - Posada 06 Tulum Boutique Hotel","robots":{"index":"index","follow":"follow","max-snippet":"max-snippet:-1","max-image-preview":"max-image-preview:large","max-video-preview":"max-video-preview:-1"},"canonical":"https:\/\/posada06tulum.com\/en\/transporte\/","og_locale":"en_US","og_type":"article","og_title":"TRANSPORTE - Posada 06 Tulum Boutique Hotel","og_description":"Servicio de transporte Transporte Hacia y\/o Desde el Aeropuerto de Canc\u00fan \u00a0 El hotel est\u00e1 afiliado a la empresa de transporte agente autorizado por el Ministerio de M\u00e9xico (SCT) del Ministerio de Transporte de Turismo M\u00e9xico (SECTUR) y el aeropuerto internacional de Canc\u00fan (ASUR), que ofrece un servicio de primera clase en transporte tur\u00edstico. Todos [&hellip;]","og_url":"https:\/\/posada06tulum.com\/en\/transporte\/","og_site_name":"Posada 06 Tulum Boutique Hotel","article_publisher":"https:\/\/www.facebook.com\/posada06tulum","article_modified_time":"2023-07-05T00:19:16+00:00","twitter_card":"summary_large_image","twitter_site":"@HOTELPOSADA06","twitter_misc":{"Est. reading time":"2 minutes"},"schema":{"@context":"https:\/\/schema.org","@graph":[{"@type":"WebPage","@id":"https:\/\/posada06tulum.com\/transporte\/","url":"https:\/\/posada06tulum.com\/transporte\/","name":"TRANSPORTE - Posada 06 Tulum Boutique Hotel","isPartOf":{"@id":"https:\/\/posada06tulum.com\/#website"},"datePublished":"2020-09-15T19:40:53+00:00","dateModified":"2023-07-05T00:19:16+00:00","breadcrumb":{"@id":"https:\/\/posada06tulum.com\/transporte\/#breadcrumb"},"inLanguage":"en-US","potentialAction":[{"@type":"ReadAction","target":["https:\/\/posada06tulum.com\/transporte\/"]}]},{"@type":"BreadcrumbList","@id":"https:\/\/posada06tulum.com\/transporte\/#breadcrumb","itemListElement":[{"@type":"ListItem","position":1,"name":"Portada","item":"https:\/\/posada06tulum.com\/"},{"@type":"ListItem","position":2,"name":"TRANSPORTE"}]},{"@type":"WebSite","@id":"https:\/\/posada06tulum.com\/#website","url":"https:\/\/posada06tulum.com\/","name":"Posada 06 Tulum Boutique Hotel","description":"A classic in Tulum Pueblo","publisher":{"@id":"https:\/\/posada06tulum.com\/#organization"},"potentialAction":[{"@type":"SearchAction","target":{"@type":"EntryPoint","urlTemplate":"https:\/\/posada06tulum.com\/?s={search_term_string}"},"query-input":{"@type":"PropertyValueSpecification","valueRequired":true,"valueName":"search_term_string"}}],"inLanguage":"en-US"},{"@type":"Organization","@id":"https:\/\/posada06tulum.com\/#organization","name":"Posada 06 Tulum Boutique Hotel","url":"https:\/\/posada06tulum.com\/","logo":{"@type":"ImageObject","inLanguage":"en-US","@id":"https:\/\/posada06tulum.com\/#\/schema\/logo\/image\/","url":"https:\/\/posada06tulum.com\/wp-content\/uploads\/2020\/09\/favicon.png","contentUrl":"https:\/\/posada06tulum.com\/wp-content\/uploads\/2020\/09\/favicon.png","width":568,"height":568,"caption":"Posada 06 Tulum Boutique Hotel"},"image":{"@id":"https:\/\/posada06tulum.com\/#\/schema\/logo\/image\/"},"sameAs":["https:\/\/www.facebook.com\/posada06tulum","https:\/\/x.com\/HOTELPOSADA06","https:\/\/www.instagram.com\/posada06tulum\/"]}]}},"_links":{"self":[{"href":"https:\/\/posada06tulum.com\/en\/wp-json\/wp\/v2\/pages\/282","targetHints":{"allow":["GET"]}}],"collection":[{"href":"https:\/\/posada06tulum.com\/en\/wp-json\/wp\/v2\/pages"}],"about":[{"href":"https:\/\/posada06tulum.com\/en\/wp-json\/wp\/v2\/types\/page"}],"author":[{"embeddable":true,"href":"https:\/\/posada06tulum.com\/en\/wp-json\/wp\/v2\/users\/1"}],"replies":[{"embeddable":true,"href":"https:\/\/posada06tulum.com\/en\/wp-json\/wp\/v2\/comments?post=282"}],"version-history":[{"count":24,"href":"https:\/\/posada06tulum.com\/en\/wp-json\/wp\/v2\/pages\/282\/revisions"}],"predecessor-version":[{"id":853,"href":"https:\/\/posada06tulum.com\/en\/wp-json\/wp\/v2\/pages\/282\/revisions\/853"}],"wp:attachment":[{"href":"https:\/\/posada06tulum.com\/en\/wp-json\/wp\/v2\/media?parent=282"}],"curies":[{"name":"wp","href":"https:\/\/api.w.org\/{rel}","templated":true}]}}