 {"id":3,"date":"2020-09-02T19:23:14","date_gmt":"2020-09-02T19:23:14","guid":{"rendered":"http:\/\/posada06tulum.com\/?page_id=3"},"modified":"2021-03-18T13:52:45","modified_gmt":"2021-03-18T13:52:45","slug":"politica-privacidad","status":"publish","type":"page","link":"https:\/\/posada06tulum.com\/en\/politica-privacidad\/","title":{"rendered":"Pol\u00edtica de privacidad"},"content":{"rendered":"<div data-elementor-type=\"wp-page\" data-elementor-id=\"3\" class=\"elementor elementor-3\" data-elementor-post-type=\"page\">\n\t\t\t\t\t\t<section class=\"elementor-section elementor-top-section elementor-element elementor-element-6dd7cc6 elementor-section-full_width elementor-section-stretched elementor-section-height-min-height elementor-section-height-default elementor-section-items-middle\" data-id=\"6dd7cc6\" data-element_type=\"section\" data-settings=\"{&quot;stretch_section&quot;:&quot;section-stretched&quot;,&quot;background_background&quot;:&quot;classic&quot;}\">\n\t\t\t\t\t\t\t<div class=\"elementor-background-overlay\"><\/div>\n\t\t\t\t\t\t\t<div class=\"elementor-container elementor-column-gap-default\">\n\t\t\t\t\t<div class=\"elementor-column elementor-col-100 elementor-top-column elementor-element elementor-element-7190ff0\" data-id=\"7190ff0\" data-element_type=\"column\">\n\t\t\t<div class=\"elementor-widget-wrap elementor-element-populated\">\n\t\t\t\t\t\t<div class=\"elementor-element elementor-element-0038663 elementor-widget elementor-widget-spacer\" data-id=\"0038663\" data-element_type=\"widget\" data-widget_type=\"spacer.default\">\n\t\t\t\t<div class=\"elementor-widget-container\">\n\t\t\t\t\t\t\t<div class=\"elementor-spacer\">\n\t\t\t<div class=\"elementor-spacer-inner\"><\/div>\n\t\t<\/div>\n\t\t\t\t\t\t<\/div>\n\t\t\t\t<\/div>\n\t\t\t\t<div class=\"elementor-element elementor-element-bce5c39 elementor-widget elementor-widget-text-editor\" data-id=\"bce5c39\" data-element_type=\"widget\" data-widget_type=\"text-editor.default\">\n\t\t\t\t<div class=\"elementor-widget-container\">\n\t\t\t\t\t\t\t\t\t<p>Privacy policy<\/p>\t\t\t\t\t\t\t\t<\/div>\n\t\t\t\t<\/div>\n\t\t\t\t\t<\/div>\n\t\t<\/div>\n\t\t\t\t\t<\/div>\n\t\t<\/section>\n\t\t\t\t<section class=\"elementor-section elementor-top-section elementor-element elementor-element-6b220f6 elementor-section-full_width elementor-section-stretched elementor-section-height-default elementor-section-height-default\" data-id=\"6b220f6\" data-element_type=\"section\" data-settings=\"{&quot;stretch_section&quot;:&quot;section-stretched&quot;,&quot;background_background&quot;:&quot;classic&quot;}\">\n\t\t\t\t\t\t<div class=\"elementor-container elementor-column-gap-default\">\n\t\t\t\t\t<div class=\"elementor-column elementor-col-100 elementor-top-column elementor-element elementor-element-83714f8\" data-id=\"83714f8\" data-element_type=\"column\">\n\t\t\t<div class=\"elementor-widget-wrap elementor-element-populated\">\n\t\t\t\t\t\t<div class=\"elementor-element elementor-element-8eda637 elementor-widget elementor-widget-text-editor\" data-id=\"8eda637\" data-element_type=\"widget\" data-widget_type=\"text-editor.default\">\n\t\t\t\t<div class=\"elementor-widget-container\">\n\t\t\t\t\t\t\t\t\t<p>This Privacy Policy establishes the terms in which Posada 06 uses and protects the information that is provided by its users when using its website. This company is committed to the security of its users\u2019 data. When we ask you to fill in the fields of personal information with which you can be identified, we do so ensuring that it will only be used in accordance with the terms of this document. However, this Privacy Policy may change over time or be updated, so we recommend and emphasize that you continually review this page to ensure that you agree with said changes.\u00a0<span class=\"\" title=\"\" data-toggle=\"tooltip\" data-placement=\"top\" data-original-title=\"Por favor rellena Nombre de la Compa\u00f1\u00eda\"><span class=\"ng-binding\">Posada 06 reserves the right to change the terms of this Privacy Policy at any time.<\/span><\/span>\u00a0usa y protege la informaci\u00f3n que es proporcionada por sus usuarios al momento de utilizar su sitio web. Esta compa\u00f1\u00eda est\u00e1 comprometida con la seguridad de los datos de sus usuarios. Cuando le pedimos llenar los campos de informaci\u00f3n personal con la cual usted pueda ser identificado, lo hacemos asegurando que s\u00f3lo se emplear\u00e1 de acuerdo con los t\u00e9rminos de este documento. Sin embargo esta Pol\u00edtica de Privacidad puede cambiar con el tiempo o ser actualizada por lo que le recomendamos y enfatizamos revisar continuamente esta p\u00e1gina para asegurarse que est\u00e1 de acuerdo con dichos cambios.<\/p>\t\t\t\t\t\t\t\t<\/div>\n\t\t\t\t<\/div>\n\t\t\t\t<div class=\"elementor-element elementor-element-81d6b8d elementor-widget elementor-widget-text-editor\" data-id=\"81d6b8d\" data-element_type=\"widget\" data-widget_type=\"text-editor.default\">\n\t\t\t\t<div class=\"elementor-widget-container\">\n\t\t\t\t\t\t\t\t\t<div class=\"group segmentsize1\">\n<p><strong>Information that is collected<\/strong><\/p>\n<\/div>\t\t\t\t\t\t\t\t<\/div>\n\t\t\t\t<\/div>\n\t\t\t\t<div class=\"elementor-element elementor-element-0c01b7b elementor-widget elementor-widget-text-editor\" data-id=\"0c01b7b\" data-element_type=\"widget\" data-widget_type=\"text-editor.default\">\n\t\t\t\t<div class=\"elementor-widget-container\">\n\t\t\t\t\t\t\t\t\t<p>Our website may collect personal information such as: Name, contact information such as your email address and demographic information. Likewise, when necessary, specific information may be required to process an order or make a delivery or billing.<\/p>\t\t\t\t\t\t\t\t<\/div>\n\t\t\t\t<\/div>\n\t\t\t\t<div class=\"elementor-element elementor-element-9923b1d elementor-widget elementor-widget-text-editor\" data-id=\"9923b1d\" data-element_type=\"widget\" data-widget_type=\"text-editor.default\">\n\t\t\t\t<div class=\"elementor-widget-container\">\n\t\t\t\t\t\t\t\t\t<div class=\"group segmentsize1\">\n<p><strong>Use of collected information<\/strong><\/p>\n<\/div>\t\t\t\t\t\t\t\t<\/div>\n\t\t\t\t<\/div>\n\t\t\t\t<div class=\"elementor-element elementor-element-e3d3708 elementor-widget elementor-widget-text-editor\" data-id=\"e3d3708\" data-element_type=\"widget\" data-widget_type=\"text-editor.default\">\n\t\t\t\t<div class=\"elementor-widget-container\">\n\t\t\t\t\t\t\t\t\t<p>Our website uses the information in order to provide the best possible service, particularly to maintain a register of users, of orders, if applicable, and to improve our products and services. It is possible that emails will be sent periodically through our site with special offers, new products and other advertising information that we consider relevant to you or that may provide you with some benefit, these emails will be sent to the address you provide and may be canceled. anytime.<\/p>\t\t\t\t\t\t\t\t<\/div>\n\t\t\t\t<\/div>\n\t\t\t\t<div class=\"elementor-element elementor-element-a00e66d elementor-widget elementor-widget-text-editor\" data-id=\"a00e66d\" data-element_type=\"widget\" data-widget_type=\"text-editor.default\">\n\t\t\t\t<div class=\"elementor-widget-container\">\n\t\t\t\t\t\t\t\t\t<p><span class=\"\" title=\"\" data-toggle=\"tooltip\" data-placement=\"top\" data-original-title=\"Por favor rellena Nombre de la Compa\u00f1\u00eda\"><span class=\"ng-binding\">Posada 06 reserves the right to change the terms of this Privacy Policy at any time.<\/span><\/span>\u00a0.<\/p>\t\t\t\t\t\t\t\t<\/div>\n\t\t\t\t<\/div>\n\t\t\t\t<div class=\"elementor-element elementor-element-50e47a0 elementor-widget elementor-widget-text-editor\" data-id=\"50e47a0\" data-element_type=\"widget\" data-widget_type=\"text-editor.default\">\n\t\t\t\t<div class=\"elementor-widget-container\">\n\t\t\t\t\t\t\t\t\t<div class=\"group segmentsize1\">\n<p><strong>Cookies<\/strong><\/p>\n<\/div>\t\t\t\t\t\t\t\t<\/div>\n\t\t\t\t<\/div>\n\t\t\t\t<div class=\"elementor-element elementor-element-fe10f60 elementor-widget elementor-widget-text-editor\" data-id=\"fe10f60\" data-element_type=\"widget\" data-widget_type=\"text-editor.default\">\n\t\t\t\t<div class=\"elementor-widget-container\">\n\t\t\t\t\t\t\t\t\t<p>A cookie refers to a file that is sent in order to request permission to be stored on your computer, by accepting said file it is created and the cookie then serves to have information regarding web traffic, and also facilitates future visits to a web recurrent. Another function that cookies have is that with them the web can recognize you individually and therefore provide you with the best personalized service on its web.<\/p>\t\t\t\t\t\t\t\t<\/div>\n\t\t\t\t<\/div>\n\t\t\t\t<div class=\"elementor-element elementor-element-9044616 elementor-widget elementor-widget-text-editor\" data-id=\"9044616\" data-element_type=\"widget\" data-widget_type=\"text-editor.default\">\n\t\t\t\t<div class=\"elementor-widget-container\">\n\t\t\t\t\t\t\t\t\t<p>Our website uses cookies to be able to identify the pages that are visited and their frequency. This information is used only for statistical analysis and then the information is permanently deleted. You can delete cookies at any time from your computer. However, cookies help to provide a better service on the websites, you do not give access to information from your computer or from you, unless you want it and provide it directly. You can accept or deny the use of cookies, however most browsers automatically accept cookies as it serves to have a better web service. You can also change your computer settings to decline cookies. If they are declined, you may not be able to use some of our services.<\/p>\t\t\t\t\t\t\t\t<\/div>\n\t\t\t\t<\/div>\n\t\t\t\t<div class=\"elementor-element elementor-element-792adbc elementor-widget elementor-widget-text-editor\" data-id=\"792adbc\" data-element_type=\"widget\" data-widget_type=\"text-editor.default\">\n\t\t\t\t<div class=\"elementor-widget-container\">\n\t\t\t\t\t\t\t\t\t<div class=\"group segmentsize1\">\n<p><strong>Links to Third Parties<\/strong><\/p>\n<\/div>\t\t\t\t\t\t\t\t<\/div>\n\t\t\t\t<\/div>\n\t\t\t\t<div class=\"elementor-element elementor-element-99539f7 elementor-widget elementor-widget-text-editor\" data-id=\"99539f7\" data-element_type=\"widget\" data-widget_type=\"text-editor.default\">\n\t\t\t\t<div class=\"elementor-widget-container\">\n\t\t\t\t\t\t\t\t\t<p>This website may contain links to other sites that may be of interest to you. Once you click on these links and leave our page, we no longer have control over the site to which you are redirected and therefore we are not responsible for the terms or privacy or the protection of your data on those other third party sites. These sites are subject to their own privacy policies, so it is recommended that you consult them to confirm that you agree with them.<\/p>\t\t\t\t\t\t\t\t<\/div>\n\t\t\t\t<\/div>\n\t\t\t\t<div class=\"elementor-element elementor-element-51d208e elementor-widget elementor-widget-text-editor\" data-id=\"51d208e\" data-element_type=\"widget\" data-widget_type=\"text-editor.default\">\n\t\t\t\t<div class=\"elementor-widget-container\">\n\t\t\t\t\t\t\t\t\t<div class=\"group segmentsize1\">\n<p><strong>Control of your personal information<\/strong><\/p>\n<\/div>\t\t\t\t\t\t\t\t<\/div>\n\t\t\t\t<\/div>\n\t\t\t\t<div class=\"elementor-element elementor-element-6d18dfc elementor-widget elementor-widget-text-editor\" data-id=\"6d18dfc\" data-element_type=\"widget\" data-widget_type=\"text-editor.default\">\n\t\t\t\t<div class=\"elementor-widget-container\">\n\t\t\t\t\t\t\t\t\t<p>At any time you can restrict the collection or use of personal information that is provided to our website. Every time you are asked to fill in a form, such as user registration, you can check or uncheck the option to receive information by email. In case you have marked the option to receive our newsletter or advertising, you can cancel it at any time.<\/p>\t\t\t\t\t\t\t\t<\/div>\n\t\t\t\t<\/div>\n\t\t\t\t<div class=\"elementor-element elementor-element-d8f505b elementor-widget elementor-widget-text-editor\" data-id=\"d8f505b\" data-element_type=\"widget\" data-widget_type=\"text-editor.default\">\n\t\t\t\t<div class=\"elementor-widget-container\">\n\t\t\t\t\t\t\t\t\t<p>This company will not sell, transfer or distribute the personal information that is collected without your consent, unless required by a judge with a court order.<\/p>\t\t\t\t\t\t\t\t<\/div>\n\t\t\t\t<\/div>\n\t\t\t\t<div class=\"elementor-element elementor-element-6801d5f elementor-widget elementor-widget-text-editor\" data-id=\"6801d5f\" data-element_type=\"widget\" data-widget_type=\"text-editor.default\">\n\t\t\t\t<div class=\"elementor-widget-container\">\n\t\t\t\t\t\t\t\t\t<p><span class=\"\" title=\"\" data-toggle=\"tooltip\" data-placement=\"top\" data-original-title=\"Por favor rellena Nombre de la Compa\u00f1\u00eda\"><span class=\"ng-binding\">Posada 06 reserves the right to change the terms of this Privacy Policy at any time.<\/span><\/span>\u00a0Se reserva el derecho de cambiar los t\u00e9rminos de la presente Pol\u00edtica de Privacidad en cualquier momento.<\/p>\t\t\t\t\t\t\t\t<\/div>\n\t\t\t\t<\/div>\n\t\t\t\t<div class=\"elementor-element elementor-element-56bd6fc elementor-widget elementor-widget-text-editor\" data-id=\"56bd6fc\" data-element_type=\"widget\" data-widget_type=\"text-editor.default\">\n\t\t\t\t<div class=\"elementor-widget-container\">\n\t\t\t\t\t\t\t\t\t<div class=\"legoContent_wide default\"><div class=\"group segmentsize1\"><div class=\"full-width-text-block\"><p>Staff Hotel Posada 06 Tulum<\/p><\/div><\/div><\/div>\t\t\t\t\t\t\t\t<\/div>\n\t\t\t\t<\/div>\n\t\t\t\t\t<\/div>\n\t\t<\/div>\n\t\t\t\t\t<\/div>\n\t\t<\/section>\n\t\t\t\t<\/div>","protected":false},"excerpt":{"rendered":"<p>Pol\u00edtica de Privacidad El presente Pol\u00edtica de Privacidad establece los t\u00e9rminos en que\u00a0Posada 06\u00a0usa y protege la informaci\u00f3n que es proporcionada por sus usuarios al momento de utilizar su sitio web. Esta compa\u00f1\u00eda est\u00e1 comprometida con la seguridad de los datos de sus usuarios. Cuando le pedimos llenar los campos de informaci\u00f3n personal con la [&hellip;]<\/p>","protected":false},"author":1,"featured_media":0,"parent":0,"menu_order":0,"comment_status":"closed","ping_status":"open","template":"elementor_header_footer","meta":{"footnotes":""},"class_list":["post-3","page","type-page","status-publish","hentry"],"yoast_head":"<!-- This site is optimized with the Yoast SEO plugin v24.7 - https:\/\/yoast.com\/wordpress\/plugins\/seo\/ -->\n<title>Pol\u00edtica de privacidad - Posada 06 Tulum Boutique Hotel<\/title>\n<meta name=\"robots\" content=\"index, follow, max-snippet:-1, max-image-preview:large, max-video-preview:-1\" \/>\n<link rel=\"canonical\" href=\"https:\/\/posada06tulum.com\/en\/politica-privacidad\/\" \/>\n<meta property=\"og:locale\" content=\"en_US\" \/>\n<meta property=\"og:type\" content=\"article\" \/>\n<meta property=\"og:title\" content=\"Pol\u00edtica de privacidad - Posada 06 Tulum Boutique Hotel\" \/>\n<meta property=\"og:description\" content=\"Pol\u00edtica de Privacidad El presente Pol\u00edtica de Privacidad establece los t\u00e9rminos en que\u00a0Posada 06\u00a0usa y protege la informaci\u00f3n que es proporcionada por sus usuarios al momento de utilizar su sitio web. Esta compa\u00f1\u00eda est\u00e1 comprometida con la seguridad de los datos de sus usuarios. Cuando le pedimos llenar los campos de informaci\u00f3n personal con la [&hellip;]\" \/>\n<meta property=\"og:url\" content=\"https:\/\/posada06tulum.com\/en\/politica-privacidad\/\" \/>\n<meta property=\"og:site_name\" content=\"Posada 06 Tulum Boutique Hotel\" \/>\n<meta property=\"article:publisher\" content=\"https:\/\/www.facebook.com\/posada06tulum\" \/>\n<meta property=\"article:modified_time\" content=\"2021-03-18T13:52:45+00:00\" \/>\n<meta name=\"twitter:card\" content=\"summary_large_image\" \/>\n<meta name=\"twitter:site\" content=\"@HOTELPOSADA06\" \/>\n<meta name=\"twitter:label1\" content=\"Est. reading time\" \/>\n\t<meta name=\"twitter:data1\" content=\"4 minutes\" \/>\n<script type=\"application\/ld+json\" class=\"yoast-schema-graph\">{\"@context\":\"https:\/\/schema.org\",\"@graph\":[{\"@type\":\"WebPage\",\"@id\":\"https:\/\/posada06tulum.com\/en\/politica-privacidad\/\",\"url\":\"https:\/\/posada06tulum.com\/en\/politica-privacidad\/\",\"name\":\"Pol\u00edtica de privacidad - Posada 06 Tulum Boutique Hotel\",\"isPartOf\":{\"@id\":\"https:\/\/posada06tulum.com\/#website\"},\"datePublished\":\"2020-09-02T19:23:14+00:00\",\"dateModified\":\"2021-03-18T13:52:45+00:00\",\"breadcrumb\":{\"@id\":\"https:\/\/posada06tulum.com\/en\/politica-privacidad\/#breadcrumb\"},\"inLanguage\":\"en-US\",\"potentialAction\":[{\"@type\":\"ReadAction\",\"target\":[\"https:\/\/posada06tulum.com\/en\/politica-privacidad\/\"]}]},{\"@type\":\"BreadcrumbList\",\"@id\":\"https:\/\/posada06tulum.com\/en\/politica-privacidad\/#breadcrumb\",\"itemListElement\":[{\"@type\":\"ListItem\",\"position\":1,\"name\":\"Portada\",\"item\":\"https:\/\/posada06tulum.com\/\"},{\"@type\":\"ListItem\",\"position\":2,\"name\":\"Pol\u00edtica de privacidad\"}]},{\"@type\":\"WebSite\",\"@id\":\"https:\/\/posada06tulum.com\/#website\",\"url\":\"https:\/\/posada06tulum.com\/\",\"name\":\"Posada 06 Tulum Boutique Hotel\",\"description\":\"A classic in Tulum Pueblo\",\"publisher\":{\"@id\":\"https:\/\/posada06tulum.com\/#organization\"},\"potentialAction\":[{\"@type\":\"SearchAction\",\"target\":{\"@type\":\"EntryPoint\",\"urlTemplate\":\"https:\/\/posada06tulum.com\/?s={search_term_string}\"},\"query-input\":{\"@type\":\"PropertyValueSpecification\",\"valueRequired\":true,\"valueName\":\"search_term_string\"}}],\"inLanguage\":\"en-US\"},{\"@type\":\"Organization\",\"@id\":\"https:\/\/posada06tulum.com\/#organization\",\"name\":\"Posada 06 Tulum Boutique Hotel\",\"url\":\"https:\/\/posada06tulum.com\/\",\"logo\":{\"@type\":\"ImageObject\",\"inLanguage\":\"en-US\",\"@id\":\"https:\/\/posada06tulum.com\/#\/schema\/logo\/image\/\",\"url\":\"https:\/\/posada06tulum.com\/wp-content\/uploads\/2020\/09\/favicon.png\",\"contentUrl\":\"https:\/\/posada06tulum.com\/wp-content\/uploads\/2020\/09\/favicon.png\",\"width\":568,\"height\":568,\"caption\":\"Posada 06 Tulum Boutique Hotel\"},\"image\":{\"@id\":\"https:\/\/posada06tulum.com\/#\/schema\/logo\/image\/\"},\"sameAs\":[\"https:\/\/www.facebook.com\/posada06tulum\",\"https:\/\/x.com\/HOTELPOSADA06\",\"https:\/\/www.instagram.com\/posada06tulum\/\"]}]}<\/script>\n<!-- \/ Yoast SEO plugin. -->","yoast_head_json":{"title":"Pol\u00edtica de privacidad - Posada 06 Tulum Boutique Hotel","robots":{"index":"index","follow":"follow","max-snippet":"max-snippet:-1","max-image-preview":"max-image-preview:large","max-video-preview":"max-video-preview:-1"},"canonical":"https:\/\/posada06tulum.com\/en\/politica-privacidad\/","og_locale":"en_US","og_type":"article","og_title":"Pol\u00edtica de privacidad - Posada 06 Tulum Boutique Hotel","og_description":"Pol\u00edtica de Privacidad El presente Pol\u00edtica de Privacidad establece los t\u00e9rminos en que\u00a0Posada 06\u00a0usa y protege la informaci\u00f3n que es proporcionada por sus usuarios al momento de utilizar su sitio web. Esta compa\u00f1\u00eda est\u00e1 comprometida con la seguridad de los datos de sus usuarios. Cuando le pedimos llenar los campos de informaci\u00f3n personal con la [&hellip;]","og_url":"https:\/\/posada06tulum.com\/en\/politica-privacidad\/","og_site_name":"Posada 06 Tulum Boutique Hotel","article_publisher":"https:\/\/www.facebook.com\/posada06tulum","article_modified_time":"2021-03-18T13:52:45+00:00","twitter_card":"summary_large_image","twitter_site":"@HOTELPOSADA06","twitter_misc":{"Est. reading time":"4 minutes"},"schema":{"@context":"https:\/\/schema.org","@graph":[{"@type":"WebPage","@id":"https:\/\/posada06tulum.com\/en\/politica-privacidad\/","url":"https:\/\/posada06tulum.com\/en\/politica-privacidad\/","name":"Pol\u00edtica de privacidad - Posada 06 Tulum Boutique Hotel","isPartOf":{"@id":"https:\/\/posada06tulum.com\/#website"},"datePublished":"2020-09-02T19:23:14+00:00","dateModified":"2021-03-18T13:52:45+00:00","breadcrumb":{"@id":"https:\/\/posada06tulum.com\/en\/politica-privacidad\/#breadcrumb"},"inLanguage":"en-US","potentialAction":[{"@type":"ReadAction","target":["https:\/\/posada06tulum.com\/en\/politica-privacidad\/"]}]},{"@type":"BreadcrumbList","@id":"https:\/\/posada06tulum.com\/en\/politica-privacidad\/#breadcrumb","itemListElement":[{"@type":"ListItem","position":1,"name":"Portada","item":"https:\/\/posada06tulum.com\/"},{"@type":"ListItem","position":2,"name":"Pol\u00edtica de privacidad"}]},{"@type":"WebSite","@id":"https:\/\/posada06tulum.com\/#website","url":"https:\/\/posada06tulum.com\/","name":"Posada 06 Tulum Boutique Hotel","description":"A classic in Tulum Pueblo","publisher":{"@id":"https:\/\/posada06tulum.com\/#organization"},"potentialAction":[{"@type":"SearchAction","target":{"@type":"EntryPoint","urlTemplate":"https:\/\/posada06tulum.com\/?s={search_term_string}"},"query-input":{"@type":"PropertyValueSpecification","valueRequired":true,"valueName":"search_term_string"}}],"inLanguage":"en-US"},{"@type":"Organization","@id":"https:\/\/posada06tulum.com\/#organization","name":"Posada 06 Tulum Boutique Hotel","url":"https:\/\/posada06tulum.com\/","logo":{"@type":"ImageObject","inLanguage":"en-US","@id":"https:\/\/posada06tulum.com\/#\/schema\/logo\/image\/","url":"https:\/\/posada06tulum.com\/wp-content\/uploads\/2020\/09\/favicon.png","contentUrl":"https:\/\/posada06tulum.com\/wp-content\/uploads\/2020\/09\/favicon.png","width":568,"height":568,"caption":"Posada 06 Tulum Boutique Hotel"},"image":{"@id":"https:\/\/posada06tulum.com\/#\/schema\/logo\/image\/"},"sameAs":["https:\/\/www.facebook.com\/posada06tulum","https:\/\/x.com\/HOTELPOSADA06","https:\/\/www.instagram.com\/posada06tulum\/"]}]}},"_links":{"self":[{"href":"https:\/\/posada06tulum.com\/en\/wp-json\/wp\/v2\/pages\/3","targetHints":{"allow":["GET"]}}],"collection":[{"href":"https:\/\/posada06tulum.com\/en\/wp-json\/wp\/v2\/pages"}],"about":[{"href":"https:\/\/posada06tulum.com\/en\/wp-json\/wp\/v2\/types\/page"}],"author":[{"embeddable":true,"href":"https:\/\/posada06tulum.com\/en\/wp-json\/wp\/v2\/users\/1"}],"replies":[{"embeddable":true,"href":"https:\/\/posada06tulum.com\/en\/wp-json\/wp\/v2\/comments?post=3"}],"version-history":[{"count":3,"href":"https:\/\/posada06tulum.com\/en\/wp-json\/wp\/v2\/pages\/3\/revisions"}],"predecessor-version":[{"id":614,"href":"https:\/\/posada06tulum.com\/en\/wp-json\/wp\/v2\/pages\/3\/revisions\/614"}],"wp:attachment":[{"href":"https:\/\/posada06tulum.com\/en\/wp-json\/wp\/v2\/media?parent=3"}],"curies":[{"name":"wp","href":"https:\/\/api.w.org\/{rel}","templated":true}]}}