 {"id":320,"date":"2020-09-16T13:49:36","date_gmt":"2020-09-16T13:49:36","guid":{"rendered":"http:\/\/posada06tulum.com\/?page_id=320"},"modified":"2024-09-30T21:56:17","modified_gmt":"2024-09-30T21:56:17","slug":"paquete-aniversario","status":"publish","type":"page","link":"https:\/\/posada06tulum.com\/en\/paquete-aniversario\/","title":{"rendered":"ANNIVERSARY PACKAGE"},"content":{"rendered":"<div data-elementor-type=\"wp-page\" data-elementor-id=\"320\" class=\"elementor elementor-320\" data-elementor-post-type=\"page\">\n\t\t\t\t\t\t<section class=\"elementor-section elementor-top-section elementor-element elementor-element-28b2524 elementor-section-full_width elementor-section-stretched elementor-section-height-min-height elementor-section-height-default elementor-section-items-middle\" data-id=\"28b2524\" data-element_type=\"section\" data-settings=\"{&quot;stretch_section&quot;:&quot;section-stretched&quot;,&quot;background_background&quot;:&quot;classic&quot;}\">\n\t\t\t\t\t\t\t<div class=\"elementor-background-overlay\"><\/div>\n\t\t\t\t\t\t\t<div class=\"elementor-container elementor-column-gap-default\">\n\t\t\t\t\t<div class=\"elementor-column elementor-col-100 elementor-top-column elementor-element elementor-element-c88e0b2\" data-id=\"c88e0b2\" data-element_type=\"column\">\n\t\t\t<div class=\"elementor-widget-wrap elementor-element-populated\">\n\t\t\t\t\t\t<div class=\"elementor-element elementor-element-7a7fad4 elementor-widget elementor-widget-spacer\" data-id=\"7a7fad4\" data-element_type=\"widget\" data-widget_type=\"spacer.default\">\n\t\t\t\t<div class=\"elementor-widget-container\">\n\t\t\t\t\t\t\t<div class=\"elementor-spacer\">\n\t\t\t<div class=\"elementor-spacer-inner\"><\/div>\n\t\t<\/div>\n\t\t\t\t\t\t<\/div>\n\t\t\t\t<\/div>\n\t\t\t\t<div class=\"elementor-element elementor-element-d8fe1b7 elementor-widget elementor-widget-text-editor\" data-id=\"d8fe1b7\" data-element_type=\"widget\" data-widget_type=\"text-editor.default\">\n\t\t\t\t<div class=\"elementor-widget-container\">\n\t\t\t\t\t\t\t\t\t<p>Anniversary Package<\/p>\t\t\t\t\t\t\t\t<\/div>\n\t\t\t\t<\/div>\n\t\t\t\t\t<\/div>\n\t\t<\/div>\n\t\t\t\t\t<\/div>\n\t\t<\/section>\n\t\t\t\t<section class=\"elementor-section elementor-top-section elementor-element elementor-element-1c05d27 elementor-section-full_width elementor-section-stretched animated-slow elementor-section-height-default elementor-section-height-default elementor-invisible\" data-id=\"1c05d27\" data-element_type=\"section\" data-settings=\"{&quot;stretch_section&quot;:&quot;section-stretched&quot;,&quot;background_background&quot;:&quot;classic&quot;,&quot;animation&quot;:&quot;fadeInRight&quot;}\">\n\t\t\t\t\t\t<div class=\"elementor-container elementor-column-gap-default\">\n\t\t\t\t\t<div class=\"elementor-column elementor-col-100 elementor-top-column elementor-element elementor-element-8985c63\" data-id=\"8985c63\" data-element_type=\"column\">\n\t\t\t<div class=\"elementor-widget-wrap elementor-element-populated\">\n\t\t\t\t\t\t<div class=\"elementor-element elementor-element-bb0d105 elementor-widget elementor-widget-text-editor\" data-id=\"bb0d105\" data-element_type=\"widget\" data-widget_type=\"text-editor.default\">\n\t\t\t\t<div class=\"elementor-widget-container\">\n\t\t\t\t\t\t\t\t\t<p>The Hotel posada 06 ve offers decorations for events such as birthdays, anniversaries, honeymoon, much more ...<\/p><p>You can organize an unforgettable bouquet of flowers for your event, selecting the roses, choose the number of pieces you prefer<\/p><div><p>you can send an email to <strong>posada06tulum@gmail.com<\/strong> specify what you like the most and your \"wish\" will be fulfilled.<\/p><div class=\"group segmentsize1\"><div class=\"full-width-text-block\"><p class=\"translation-block\">We accept reservations with <em> <strong> at least 4 days in advance <\/strong> <\/em><\/p><\/div><\/div><div class=\"group segmentsize1\"><div class=\"group segmentsize1\" data-component=\"widgets\/custom_contact_form\" data-ajax=\"https:\/\/reservation.booking.expert\/api\/custom_contact_form_widget?h=dgeddd\" data-alert-error-text=\"Se ha producido un error y tus comentarios no se han enviado. Por favor, int\u00e9ntalo de nuevo m\u00e1s tarde o ll\u00e1manos.\"><div class=\"header clearfix\"><h2 class=\"title\">\u00a0<\/h2><\/div><\/div><\/div><\/div>\t\t\t\t\t\t\t\t<\/div>\n\t\t\t\t<\/div>\n\t\t\t\t\t<\/div>\n\t\t<\/div>\n\t\t\t\t\t<\/div>\n\t\t<\/section>\n\t\t\t\t<\/div>","protected":false},"excerpt":{"rendered":"<p>Paquete Aniversario El Hotel posada 06 ve ofrece decoraciones Para eventos como cumplea\u00f1os, aniversarios, luna de miel, mucho m\u00e1s &#8230; Puede organizar un ramo de flores inolvidable para tu evento,\u00a0seleccionando las rosas\u00a0, elige la cantidad de piezas que prefieres puede enviar un correo a posada06tulum@gmail.com especificado lo que mas le agrada y su &#8220;deseo&#8221; sera [&hellip;]<\/p>","protected":false},"author":1,"featured_media":0,"parent":0,"menu_order":0,"comment_status":"closed","ping_status":"closed","template":"elementor_header_footer","meta":{"footnotes":""},"class_list":["post-320","page","type-page","status-publish","hentry"],"yoast_head":"<!-- This site is optimized with the Yoast SEO plugin v24.7 - https:\/\/yoast.com\/wordpress\/plugins\/seo\/ -->\n<title>PAQUETE ANIVERSARIO - Posada 06 Tulum Boutique Hotel<\/title>\n<meta name=\"robots\" content=\"index, follow, max-snippet:-1, max-image-preview:large, max-video-preview:-1\" \/>\n<link rel=\"canonical\" href=\"https:\/\/posada06tulum.com\/en\/paquete-aniversario\/\" \/>\n<meta property=\"og:locale\" content=\"en_US\" \/>\n<meta property=\"og:type\" content=\"article\" \/>\n<meta property=\"og:title\" content=\"PAQUETE ANIVERSARIO - Posada 06 Tulum Boutique Hotel\" \/>\n<meta property=\"og:description\" content=\"Paquete Aniversario El Hotel posada 06 ve ofrece decoraciones Para eventos como cumplea\u00f1os, aniversarios, luna de miel, mucho m\u00e1s &#8230; Puede organizar un ramo de flores inolvidable para tu evento,\u00a0seleccionando las rosas\u00a0, elige la cantidad de piezas que prefieres puede enviar un correo a posada06tulum@gmail.com especificado lo que mas le agrada y su &#8220;deseo&#8221; sera [&hellip;]\" \/>\n<meta property=\"og:url\" content=\"https:\/\/posada06tulum.com\/en\/paquete-aniversario\/\" \/>\n<meta property=\"og:site_name\" content=\"Posada 06 Tulum Boutique Hotel\" \/>\n<meta property=\"article:publisher\" content=\"https:\/\/www.facebook.com\/posada06tulum\" \/>\n<meta property=\"article:modified_time\" content=\"2024-09-30T21:56:17+00:00\" \/>\n<meta name=\"twitter:card\" content=\"summary_large_image\" \/>\n<meta name=\"twitter:site\" content=\"@HOTELPOSADA06\" \/>\n<meta name=\"twitter:label1\" content=\"Est. reading time\" \/>\n\t<meta name=\"twitter:data1\" content=\"1 minute\" \/>\n<script type=\"application\/ld+json\" class=\"yoast-schema-graph\">{\"@context\":\"https:\/\/schema.org\",\"@graph\":[{\"@type\":\"WebPage\",\"@id\":\"https:\/\/posada06tulum.com\/paquete-aniversario\/\",\"url\":\"https:\/\/posada06tulum.com\/paquete-aniversario\/\",\"name\":\"PAQUETE ANIVERSARIO - Posada 06 Tulum Boutique Hotel\",\"isPartOf\":{\"@id\":\"https:\/\/posada06tulum.com\/#website\"},\"datePublished\":\"2020-09-16T13:49:36+00:00\",\"dateModified\":\"2024-09-30T21:56:17+00:00\",\"breadcrumb\":{\"@id\":\"https:\/\/posada06tulum.com\/paquete-aniversario\/#breadcrumb\"},\"inLanguage\":\"en-US\",\"potentialAction\":[{\"@type\":\"ReadAction\",\"target\":[\"https:\/\/posada06tulum.com\/paquete-aniversario\/\"]}]},{\"@type\":\"BreadcrumbList\",\"@id\":\"https:\/\/posada06tulum.com\/paquete-aniversario\/#breadcrumb\",\"itemListElement\":[{\"@type\":\"ListItem\",\"position\":1,\"name\":\"Portada\",\"item\":\"https:\/\/posada06tulum.com\/\"},{\"@type\":\"ListItem\",\"position\":2,\"name\":\"PAQUETE ANIVERSARIO\"}]},{\"@type\":\"WebSite\",\"@id\":\"https:\/\/posada06tulum.com\/#website\",\"url\":\"https:\/\/posada06tulum.com\/\",\"name\":\"Posada 06 Tulum Boutique Hotel\",\"description\":\"A classic in Tulum Pueblo\",\"publisher\":{\"@id\":\"https:\/\/posada06tulum.com\/#organization\"},\"potentialAction\":[{\"@type\":\"SearchAction\",\"target\":{\"@type\":\"EntryPoint\",\"urlTemplate\":\"https:\/\/posada06tulum.com\/?s={search_term_string}\"},\"query-input\":{\"@type\":\"PropertyValueSpecification\",\"valueRequired\":true,\"valueName\":\"search_term_string\"}}],\"inLanguage\":\"en-US\"},{\"@type\":\"Organization\",\"@id\":\"https:\/\/posada06tulum.com\/#organization\",\"name\":\"Posada 06 Tulum Boutique Hotel\",\"url\":\"https:\/\/posada06tulum.com\/\",\"logo\":{\"@type\":\"ImageObject\",\"inLanguage\":\"en-US\",\"@id\":\"https:\/\/posada06tulum.com\/#\/schema\/logo\/image\/\",\"url\":\"https:\/\/posada06tulum.com\/wp-content\/uploads\/2020\/09\/favicon.png\",\"contentUrl\":\"https:\/\/posada06tulum.com\/wp-content\/uploads\/2020\/09\/favicon.png\",\"width\":568,\"height\":568,\"caption\":\"Posada 06 Tulum Boutique Hotel\"},\"image\":{\"@id\":\"https:\/\/posada06tulum.com\/#\/schema\/logo\/image\/\"},\"sameAs\":[\"https:\/\/www.facebook.com\/posada06tulum\",\"https:\/\/x.com\/HOTELPOSADA06\",\"https:\/\/www.instagram.com\/posada06tulum\/\"]}]}<\/script>\n<!-- \/ Yoast SEO plugin. -->","yoast_head_json":{"title":"PAQUETE ANIVERSARIO - Posada 06 Tulum Boutique Hotel","robots":{"index":"index","follow":"follow","max-snippet":"max-snippet:-1","max-image-preview":"max-image-preview:large","max-video-preview":"max-video-preview:-1"},"canonical":"https:\/\/posada06tulum.com\/en\/paquete-aniversario\/","og_locale":"en_US","og_type":"article","og_title":"PAQUETE ANIVERSARIO - Posada 06 Tulum Boutique Hotel","og_description":"Paquete Aniversario El Hotel posada 06 ve ofrece decoraciones Para eventos como cumplea\u00f1os, aniversarios, luna de miel, mucho m\u00e1s &#8230; Puede organizar un ramo de flores inolvidable para tu evento,\u00a0seleccionando las rosas\u00a0, elige la cantidad de piezas que prefieres puede enviar un correo a posada06tulum@gmail.com especificado lo que mas le agrada y su &#8220;deseo&#8221; sera [&hellip;]","og_url":"https:\/\/posada06tulum.com\/en\/paquete-aniversario\/","og_site_name":"Posada 06 Tulum Boutique Hotel","article_publisher":"https:\/\/www.facebook.com\/posada06tulum","article_modified_time":"2024-09-30T21:56:17+00:00","twitter_card":"summary_large_image","twitter_site":"@HOTELPOSADA06","twitter_misc":{"Est. reading time":"1 minute"},"schema":{"@context":"https:\/\/schema.org","@graph":[{"@type":"WebPage","@id":"https:\/\/posada06tulum.com\/paquete-aniversario\/","url":"https:\/\/posada06tulum.com\/paquete-aniversario\/","name":"PAQUETE ANIVERSARIO - Posada 06 Tulum Boutique Hotel","isPartOf":{"@id":"https:\/\/posada06tulum.com\/#website"},"datePublished":"2020-09-16T13:49:36+00:00","dateModified":"2024-09-30T21:56:17+00:00","breadcrumb":{"@id":"https:\/\/posada06tulum.com\/paquete-aniversario\/#breadcrumb"},"inLanguage":"en-US","potentialAction":[{"@type":"ReadAction","target":["https:\/\/posada06tulum.com\/paquete-aniversario\/"]}]},{"@type":"BreadcrumbList","@id":"https:\/\/posada06tulum.com\/paquete-aniversario\/#breadcrumb","itemListElement":[{"@type":"ListItem","position":1,"name":"Portada","item":"https:\/\/posada06tulum.com\/"},{"@type":"ListItem","position":2,"name":"PAQUETE ANIVERSARIO"}]},{"@type":"WebSite","@id":"https:\/\/posada06tulum.com\/#website","url":"https:\/\/posada06tulum.com\/","name":"Posada 06 Tulum Boutique Hotel","description":"A classic in Tulum Pueblo","publisher":{"@id":"https:\/\/posada06tulum.com\/#organization"},"potentialAction":[{"@type":"SearchAction","target":{"@type":"EntryPoint","urlTemplate":"https:\/\/posada06tulum.com\/?s={search_term_string}"},"query-input":{"@type":"PropertyValueSpecification","valueRequired":true,"valueName":"search_term_string"}}],"inLanguage":"en-US"},{"@type":"Organization","@id":"https:\/\/posada06tulum.com\/#organization","name":"Posada 06 Tulum Boutique Hotel","url":"https:\/\/posada06tulum.com\/","logo":{"@type":"ImageObject","inLanguage":"en-US","@id":"https:\/\/posada06tulum.com\/#\/schema\/logo\/image\/","url":"https:\/\/posada06tulum.com\/wp-content\/uploads\/2020\/09\/favicon.png","contentUrl":"https:\/\/posada06tulum.com\/wp-content\/uploads\/2020\/09\/favicon.png","width":568,"height":568,"caption":"Posada 06 Tulum Boutique Hotel"},"image":{"@id":"https:\/\/posada06tulum.com\/#\/schema\/logo\/image\/"},"sameAs":["https:\/\/www.facebook.com\/posada06tulum","https:\/\/x.com\/HOTELPOSADA06","https:\/\/www.instagram.com\/posada06tulum\/"]}]}},"_links":{"self":[{"href":"https:\/\/posada06tulum.com\/en\/wp-json\/wp\/v2\/pages\/320","targetHints":{"allow":["GET"]}}],"collection":[{"href":"https:\/\/posada06tulum.com\/en\/wp-json\/wp\/v2\/pages"}],"about":[{"href":"https:\/\/posada06tulum.com\/en\/wp-json\/wp\/v2\/types\/page"}],"author":[{"embeddable":true,"href":"https:\/\/posada06tulum.com\/en\/wp-json\/wp\/v2\/users\/1"}],"replies":[{"embeddable":true,"href":"https:\/\/posada06tulum.com\/en\/wp-json\/wp\/v2\/comments?post=320"}],"version-history":[{"count":3,"href":"https:\/\/posada06tulum.com\/en\/wp-json\/wp\/v2\/pages\/320\/revisions"}],"predecessor-version":[{"id":917,"href":"https:\/\/posada06tulum.com\/en\/wp-json\/wp\/v2\/pages\/320\/revisions\/917"}],"wp:attachment":[{"href":"https:\/\/posada06tulum.com\/en\/wp-json\/wp\/v2\/media?parent=320"}],"curies":[{"name":"wp","href":"https:\/\/api.w.org\/{rel}","templated":true}]}}