 {"id":333,"date":"2020-09-16T14:09:14","date_gmt":"2020-09-16T14:09:14","guid":{"rendered":"http:\/\/posada06tulum.com\/?page_id=333"},"modified":"2026-03-26T16:38:58","modified_gmt":"2026-03-26T16:38:58","slug":"el-hotel","status":"publish","type":"page","link":"https:\/\/posada06tulum.com\/en\/el-hotel\/","title":{"rendered":"THE HOTEL"},"content":{"rendered":"<div data-elementor-type=\"wp-page\" data-elementor-id=\"333\" class=\"elementor elementor-333\" data-elementor-post-type=\"page\">\n\t\t\t\t\t\t<section class=\"elementor-section elementor-top-section elementor-element elementor-element-28b2524 elementor-section-full_width elementor-section-stretched elementor-section-height-min-height elementor-section-height-default elementor-section-items-middle\" data-id=\"28b2524\" data-element_type=\"section\" data-settings=\"{&quot;stretch_section&quot;:&quot;section-stretched&quot;,&quot;background_background&quot;:&quot;classic&quot;}\">\n\t\t\t\t\t\t\t<div class=\"elementor-background-overlay\"><\/div>\n\t\t\t\t\t\t\t<div class=\"elementor-container elementor-column-gap-default\">\n\t\t\t\t\t<div class=\"elementor-column elementor-col-100 elementor-top-column elementor-element elementor-element-c88e0b2\" data-id=\"c88e0b2\" data-element_type=\"column\">\n\t\t\t<div class=\"elementor-widget-wrap elementor-element-populated\">\n\t\t\t\t\t\t<div class=\"elementor-element elementor-element-7a7fad4 elementor-widget elementor-widget-spacer\" data-id=\"7a7fad4\" data-element_type=\"widget\" data-widget_type=\"spacer.default\">\n\t\t\t\t<div class=\"elementor-widget-container\">\n\t\t\t\t\t\t\t<div class=\"elementor-spacer\">\n\t\t\t<div class=\"elementor-spacer-inner\"><\/div>\n\t\t<\/div>\n\t\t\t\t\t\t<\/div>\n\t\t\t\t<\/div>\n\t\t\t\t<div class=\"elementor-element elementor-element-d8fe1b7 elementor-widget elementor-widget-text-editor\" data-id=\"d8fe1b7\" data-element_type=\"widget\" data-widget_type=\"text-editor.default\">\n\t\t\t\t<div class=\"elementor-widget-container\">\n\t\t\t\t\t\t\t\t\t<p>The Hotel<\/p>\t\t\t\t\t\t\t\t<\/div>\n\t\t\t\t<\/div>\n\t\t\t\t\t<\/div>\n\t\t<\/div>\n\t\t\t\t\t<\/div>\n\t\t<\/section>\n\t\t\t\t<section class=\"elementor-section elementor-top-section elementor-element elementor-element-1c05d27 elementor-section-full_width elementor-section-stretched elementor-section-height-default elementor-section-height-default\" data-id=\"1c05d27\" data-element_type=\"section\" data-settings=\"{&quot;stretch_section&quot;:&quot;section-stretched&quot;,&quot;background_background&quot;:&quot;classic&quot;}\">\n\t\t\t\t\t\t<div class=\"elementor-container elementor-column-gap-default\">\n\t\t\t\t\t<div class=\"elementor-column elementor-col-100 elementor-top-column elementor-element elementor-element-8985c63\" data-id=\"8985c63\" data-element_type=\"column\">\n\t\t\t<div class=\"elementor-widget-wrap elementor-element-populated\">\n\t\t\t\t\t\t<div class=\"elementor-element elementor-element-c1a4039 elementor-widget elementor-widget-text-editor\" data-id=\"c1a4039\" data-element_type=\"widget\" data-widget_type=\"text-editor.default\">\n\t\t\t\t<div class=\"elementor-widget-container\">\n\t\t\t\t\t\t\t\t\t<div class=\"group segmentsize1\"><h2 class=\"full-width-h2\"><span style=\"letter-spacing: 0px;\">Useful information to facilitate your stay<\/span><\/h2><\/div>\t\t\t\t\t\t\t\t<\/div>\n\t\t\t\t<\/div>\n\t\t\t\t<div class=\"elementor-element elementor-element-b9e62a1 elementor-widget elementor-widget-text-editor\" data-id=\"b9e62a1\" data-element_type=\"widget\" data-widget_type=\"text-editor.default\">\n\t\t\t\t<div class=\"elementor-widget-container\">\n\t\t\t\t\t\t\t\t\t<p><strong>Check-in:<\/strong>\u00a0After 3:00 p.m.\u00a0\u00a0<span style=\"letter-spacing: 0.3px;\">\u00a0<\/span><\/p><p><strong style=\"letter-spacing: 0.3px;\">Check-out:<\/strong><span style=\"letter-spacing: 0.3px;\">\u00a0Before 12:00 p.m.\u00a0<\/span><\/p><p class=\"translation-block\"><strong> Luggage storage: <\/strong> if you arrive early or want to leave later, we can store your luggage for free, while you are exploring the city and \/ or the beautiful beach.<\/p><p>Present a valid passport and the credit card used in the reservation or to be used.<\/p><p>For modifications, changes or cancellations, the cancellation policy rules will apply.<\/p><p class=\"translation-block\"><strong> The sale price is in USD <\/strong>, the price in another currency may be different at the time of payment.<\/p><p class=\"translation-block\">The <strong> pool hours are 9:00 a.m. at 8:00 p.m. <\/strong>., children under 12 years old cannot be left alone in the pool.<\/p><p>Animals are not allowed.<\/p><p>This is a non-smoking hotel inside the rooms.\u00a0<\/p><p>\u00a0<\/p>\t\t\t\t\t\t\t\t<\/div>\n\t\t\t\t<\/div>\n\t\t\t\t<div class=\"elementor-element elementor-element-ebc13ba elementor-widget elementor-widget-text-editor\" data-id=\"ebc13ba\" data-element_type=\"widget\" data-widget_type=\"text-editor.default\">\n\t\t\t\t<div class=\"elementor-widget-container\">\n\t\t\t\t\t\t\t\t\t<div class=\"group segmentsize1\"><h2 class=\"full-width-h2\">Cancellation policy<\/h2><\/div>\t\t\t\t\t\t\t\t<\/div>\n\t\t\t\t<\/div>\n\t\t\t\t<div class=\"elementor-element elementor-element-665d637 elementor-widget elementor-widget-text-editor\" data-id=\"665d637\" data-element_type=\"widget\" data-widget_type=\"text-editor.default\">\n\t\t\t\t<div class=\"elementor-widget-container\">\n\t\t\t\t\t\t\t\t\t<p>Flexible &#8211; 10 d\u00edas: El cliente puede cancelar gratuitamente hasta 10 d\u00edas antes de la llegada. Si cancela dentro de los 10 d\u00edas previos a la llegada, deber\u00e1 abonar el importe total de la reserva. Si cancela 5 d\u00edas antes de la llegada, deber\u00e1 abonar el importe total.<\/p><p>Del 23 de diciembre de 2026 al 10 de enero de 2027 &#8211; 30 d\u00edas: El cliente puede cancelar gratuitamente hasta 30 d\u00edas antes de la llegada. Si cancela dentro de los 30 d\u00edas previos a la llegada, deber\u00e1 abonar el importe total de la reserva. Si cancela 30 d\u00edas antes de la llegada, deber\u00e1 abonar el importe total.<\/p><p>No se realizar\u00e1n reembolsos en los siguientes casos: cancelaciones durante vacaciones, enfermedad, cancelaci\u00f3n de vuelos, huelgas, conflictos laborales, actos de terrorismo, actos de guerra o guerra declarada, huracanes o desastres naturales, ni por las molestias que estos puedan ocasionar, ni por condiciones meteorol\u00f3gicas adversas.<\/p><p>Tras la primera noche, si un hu\u00e9sped no se presenta o no notifica la reserva por correo electr\u00f3nico, la reserva se considera no presentada y la habitaci\u00f3n queda disponible para su alquiler. Si un hu\u00e9sped llega un d\u00eda o m\u00e1s tarde sin notificar la reserva, esta se cancela.<\/p><p>Los clientes que alquilan una habitaci\u00f3n aceptan y se comprometen a cumplir con todos los t\u00e9rminos y condiciones establecidos en este documento y aceptan el reembolso conforme a las cl\u00e1usulas correspondientes.<\/p>\t\t\t\t\t\t\t\t<\/div>\n\t\t\t\t<\/div>\n\t\t\t\t<div class=\"elementor-element elementor-element-798703b elementor-widget elementor-widget-text-editor\" data-id=\"798703b\" data-element_type=\"widget\" data-widget_type=\"text-editor.default\">\n\t\t\t\t<div class=\"elementor-widget-container\">\n\t\t\t\t\t\t\t\t\t<div class=\"legoContent_wide default\">\n<div class=\"group segmentsize1\">\n<div class=\"full-width-text-block\">\n<p>Hotel Posada 06 Tulum<\/p>\n<\/div>\n<\/div>\n<\/div>\t\t\t\t\t\t\t\t<\/div>\n\t\t\t\t<\/div>\n\t\t\t\t\t<\/div>\n\t\t<\/div>\n\t\t\t\t\t<\/div>\n\t\t<\/section>\n\t\t\t\t<\/div>","protected":false},"excerpt":{"rendered":"<p>El Hotel Informaci\u00f3n \u00fatil para facilitar su estadia Check-in:\u00a0Despu\u00e9s de las 3:00 p.m.\u00a0\u00a0\u00a0 Check-out:\u00a0Antes de las 12:00 p.m.\u00a0 Almacenamiento de equipaje: si llega temprano o quiere irte despu\u00e9s, podemos guardar su equipaje de forma gratuita, mientras va a explorar la ciudad e\/o la hermosa Playa. Presente un pasaporte v\u00e1lido y la tarjeta de cr\u00e9dito utilizada [&hellip;]<\/p>","protected":false},"author":1,"featured_media":0,"parent":0,"menu_order":0,"comment_status":"closed","ping_status":"closed","template":"elementor_header_footer","meta":{"footnotes":""},"class_list":["post-333","page","type-page","status-publish","hentry"],"yoast_head":"<!-- This site is optimized with the Yoast SEO plugin v24.7 - https:\/\/yoast.com\/wordpress\/plugins\/seo\/ -->\n<title>EL HOTEL - Posada 06 Tulum Boutique Hotel<\/title>\n<meta name=\"robots\" content=\"index, follow, max-snippet:-1, max-image-preview:large, max-video-preview:-1\" \/>\n<link rel=\"canonical\" href=\"https:\/\/posada06tulum.com\/en\/el-hotel\/\" \/>\n<meta property=\"og:locale\" content=\"en_US\" \/>\n<meta property=\"og:type\" content=\"article\" \/>\n<meta property=\"og:title\" content=\"EL HOTEL - Posada 06 Tulum Boutique Hotel\" \/>\n<meta property=\"og:description\" content=\"El Hotel Informaci\u00f3n \u00fatil para facilitar su estadia Check-in:\u00a0Despu\u00e9s de las 3:00 p.m.\u00a0\u00a0\u00a0 Check-out:\u00a0Antes de las 12:00 p.m.\u00a0 Almacenamiento de equipaje: si llega temprano o quiere irte despu\u00e9s, podemos guardar su equipaje de forma gratuita, mientras va a explorar la ciudad e\/o la hermosa Playa. Presente un pasaporte v\u00e1lido y la tarjeta de cr\u00e9dito utilizada [&hellip;]\" \/>\n<meta property=\"og:url\" content=\"https:\/\/posada06tulum.com\/en\/el-hotel\/\" \/>\n<meta property=\"og:site_name\" content=\"Posada 06 Tulum Boutique Hotel\" \/>\n<meta property=\"article:publisher\" content=\"https:\/\/www.facebook.com\/posada06tulum\" \/>\n<meta property=\"article:modified_time\" content=\"2026-03-26T16:38:58+00:00\" \/>\n<meta name=\"twitter:card\" content=\"summary_large_image\" \/>\n<meta name=\"twitter:site\" content=\"@HOTELPOSADA06\" \/>\n<meta name=\"twitter:label1\" content=\"Est. reading time\" \/>\n\t<meta name=\"twitter:data1\" content=\"2 minutes\" \/>\n<script type=\"application\/ld+json\" class=\"yoast-schema-graph\">{\"@context\":\"https:\/\/schema.org\",\"@graph\":[{\"@type\":\"WebPage\",\"@id\":\"https:\/\/posada06tulum.com\/el-hotel\/\",\"url\":\"https:\/\/posada06tulum.com\/el-hotel\/\",\"name\":\"EL HOTEL - Posada 06 Tulum Boutique Hotel\",\"isPartOf\":{\"@id\":\"https:\/\/posada06tulum.com\/#website\"},\"datePublished\":\"2020-09-16T14:09:14+00:00\",\"dateModified\":\"2026-03-26T16:38:58+00:00\",\"breadcrumb\":{\"@id\":\"https:\/\/posada06tulum.com\/el-hotel\/#breadcrumb\"},\"inLanguage\":\"en-US\",\"potentialAction\":[{\"@type\":\"ReadAction\",\"target\":[\"https:\/\/posada06tulum.com\/el-hotel\/\"]}]},{\"@type\":\"BreadcrumbList\",\"@id\":\"https:\/\/posada06tulum.com\/el-hotel\/#breadcrumb\",\"itemListElement\":[{\"@type\":\"ListItem\",\"position\":1,\"name\":\"Portada\",\"item\":\"https:\/\/posada06tulum.com\/\"},{\"@type\":\"ListItem\",\"position\":2,\"name\":\"EL HOTEL\"}]},{\"@type\":\"WebSite\",\"@id\":\"https:\/\/posada06tulum.com\/#website\",\"url\":\"https:\/\/posada06tulum.com\/\",\"name\":\"Posada 06 Tulum Boutique Hotel\",\"description\":\"A classic in Tulum Pueblo\",\"publisher\":{\"@id\":\"https:\/\/posada06tulum.com\/#organization\"},\"potentialAction\":[{\"@type\":\"SearchAction\",\"target\":{\"@type\":\"EntryPoint\",\"urlTemplate\":\"https:\/\/posada06tulum.com\/?s={search_term_string}\"},\"query-input\":{\"@type\":\"PropertyValueSpecification\",\"valueRequired\":true,\"valueName\":\"search_term_string\"}}],\"inLanguage\":\"en-US\"},{\"@type\":\"Organization\",\"@id\":\"https:\/\/posada06tulum.com\/#organization\",\"name\":\"Posada 06 Tulum Boutique Hotel\",\"url\":\"https:\/\/posada06tulum.com\/\",\"logo\":{\"@type\":\"ImageObject\",\"inLanguage\":\"en-US\",\"@id\":\"https:\/\/posada06tulum.com\/#\/schema\/logo\/image\/\",\"url\":\"https:\/\/posada06tulum.com\/wp-content\/uploads\/2020\/09\/favicon.png\",\"contentUrl\":\"https:\/\/posada06tulum.com\/wp-content\/uploads\/2020\/09\/favicon.png\",\"width\":568,\"height\":568,\"caption\":\"Posada 06 Tulum Boutique Hotel\"},\"image\":{\"@id\":\"https:\/\/posada06tulum.com\/#\/schema\/logo\/image\/\"},\"sameAs\":[\"https:\/\/www.facebook.com\/posada06tulum\",\"https:\/\/x.com\/HOTELPOSADA06\",\"https:\/\/www.instagram.com\/posada06tulum\/\"]}]}<\/script>\n<!-- \/ Yoast SEO plugin. -->","yoast_head_json":{"title":"EL HOTEL - Posada 06 Tulum Boutique Hotel","robots":{"index":"index","follow":"follow","max-snippet":"max-snippet:-1","max-image-preview":"max-image-preview:large","max-video-preview":"max-video-preview:-1"},"canonical":"https:\/\/posada06tulum.com\/en\/el-hotel\/","og_locale":"en_US","og_type":"article","og_title":"EL HOTEL - Posada 06 Tulum Boutique Hotel","og_description":"El Hotel Informaci\u00f3n \u00fatil para facilitar su estadia Check-in:\u00a0Despu\u00e9s de las 3:00 p.m.\u00a0\u00a0\u00a0 Check-out:\u00a0Antes de las 12:00 p.m.\u00a0 Almacenamiento de equipaje: si llega temprano o quiere irte despu\u00e9s, podemos guardar su equipaje de forma gratuita, mientras va a explorar la ciudad e\/o la hermosa Playa. Presente un pasaporte v\u00e1lido y la tarjeta de cr\u00e9dito utilizada [&hellip;]","og_url":"https:\/\/posada06tulum.com\/en\/el-hotel\/","og_site_name":"Posada 06 Tulum Boutique Hotel","article_publisher":"https:\/\/www.facebook.com\/posada06tulum","article_modified_time":"2026-03-26T16:38:58+00:00","twitter_card":"summary_large_image","twitter_site":"@HOTELPOSADA06","twitter_misc":{"Est. reading time":"2 minutes"},"schema":{"@context":"https:\/\/schema.org","@graph":[{"@type":"WebPage","@id":"https:\/\/posada06tulum.com\/el-hotel\/","url":"https:\/\/posada06tulum.com\/el-hotel\/","name":"EL HOTEL - Posada 06 Tulum Boutique Hotel","isPartOf":{"@id":"https:\/\/posada06tulum.com\/#website"},"datePublished":"2020-09-16T14:09:14+00:00","dateModified":"2026-03-26T16:38:58+00:00","breadcrumb":{"@id":"https:\/\/posada06tulum.com\/el-hotel\/#breadcrumb"},"inLanguage":"en-US","potentialAction":[{"@type":"ReadAction","target":["https:\/\/posada06tulum.com\/el-hotel\/"]}]},{"@type":"BreadcrumbList","@id":"https:\/\/posada06tulum.com\/el-hotel\/#breadcrumb","itemListElement":[{"@type":"ListItem","position":1,"name":"Portada","item":"https:\/\/posada06tulum.com\/"},{"@type":"ListItem","position":2,"name":"EL HOTEL"}]},{"@type":"WebSite","@id":"https:\/\/posada06tulum.com\/#website","url":"https:\/\/posada06tulum.com\/","name":"Posada 06 Tulum Boutique Hotel","description":"A classic in Tulum Pueblo","publisher":{"@id":"https:\/\/posada06tulum.com\/#organization"},"potentialAction":[{"@type":"SearchAction","target":{"@type":"EntryPoint","urlTemplate":"https:\/\/posada06tulum.com\/?s={search_term_string}"},"query-input":{"@type":"PropertyValueSpecification","valueRequired":true,"valueName":"search_term_string"}}],"inLanguage":"en-US"},{"@type":"Organization","@id":"https:\/\/posada06tulum.com\/#organization","name":"Posada 06 Tulum Boutique Hotel","url":"https:\/\/posada06tulum.com\/","logo":{"@type":"ImageObject","inLanguage":"en-US","@id":"https:\/\/posada06tulum.com\/#\/schema\/logo\/image\/","url":"https:\/\/posada06tulum.com\/wp-content\/uploads\/2020\/09\/favicon.png","contentUrl":"https:\/\/posada06tulum.com\/wp-content\/uploads\/2020\/09\/favicon.png","width":568,"height":568,"caption":"Posada 06 Tulum Boutique Hotel"},"image":{"@id":"https:\/\/posada06tulum.com\/#\/schema\/logo\/image\/"},"sameAs":["https:\/\/www.facebook.com\/posada06tulum","https:\/\/x.com\/HOTELPOSADA06","https:\/\/www.instagram.com\/posada06tulum\/"]}]}},"_links":{"self":[{"href":"https:\/\/posada06tulum.com\/en\/wp-json\/wp\/v2\/pages\/333","targetHints":{"allow":["GET"]}}],"collection":[{"href":"https:\/\/posada06tulum.com\/en\/wp-json\/wp\/v2\/pages"}],"about":[{"href":"https:\/\/posada06tulum.com\/en\/wp-json\/wp\/v2\/types\/page"}],"author":[{"embeddable":true,"href":"https:\/\/posada06tulum.com\/en\/wp-json\/wp\/v2\/users\/1"}],"replies":[{"embeddable":true,"href":"https:\/\/posada06tulum.com\/en\/wp-json\/wp\/v2\/comments?post=333"}],"version-history":[{"count":21,"href":"https:\/\/posada06tulum.com\/en\/wp-json\/wp\/v2\/pages\/333\/revisions"}],"predecessor-version":[{"id":1037,"href":"https:\/\/posada06tulum.com\/en\/wp-json\/wp\/v2\/pages\/333\/revisions\/1037"}],"wp:attachment":[{"href":"https:\/\/posada06tulum.com\/en\/wp-json\/wp\/v2\/media?parent=333"}],"curies":[{"name":"wp","href":"https:\/\/api.w.org\/{rel}","templated":true}]}}