 {"id":338,"date":"2020-09-16T14:20:39","date_gmt":"2020-09-16T14:20:39","guid":{"rendered":"http:\/\/posada06tulum.com\/?page_id=338"},"modified":"2022-08-05T15:10:31","modified_gmt":"2022-08-05T15:10:31","slug":"covid-19","status":"publish","type":"page","link":"https:\/\/posada06tulum.com\/en\/covid-19\/","title":{"rendered":"COVID-19"},"content":{"rendered":"<div data-elementor-type=\"wp-page\" data-elementor-id=\"338\" class=\"elementor elementor-338\" data-elementor-post-type=\"page\">\n\t\t\t\t\t\t<section class=\"elementor-section elementor-top-section elementor-element elementor-element-28b2524 elementor-section-full_width elementor-section-stretched elementor-section-height-min-height elementor-section-height-default elementor-section-items-middle\" data-id=\"28b2524\" data-element_type=\"section\" data-settings=\"{&quot;stretch_section&quot;:&quot;section-stretched&quot;,&quot;background_background&quot;:&quot;classic&quot;}\">\n\t\t\t\t\t\t\t<div class=\"elementor-background-overlay\"><\/div>\n\t\t\t\t\t\t\t<div class=\"elementor-container elementor-column-gap-default\">\n\t\t\t\t\t<div class=\"elementor-column elementor-col-100 elementor-top-column elementor-element elementor-element-c88e0b2\" data-id=\"c88e0b2\" data-element_type=\"column\">\n\t\t\t<div class=\"elementor-widget-wrap elementor-element-populated\">\n\t\t\t\t\t\t<div class=\"elementor-element elementor-element-7a7fad4 elementor-widget elementor-widget-spacer\" data-id=\"7a7fad4\" data-element_type=\"widget\" data-widget_type=\"spacer.default\">\n\t\t\t\t<div class=\"elementor-widget-container\">\n\t\t\t\t\t\t\t<div class=\"elementor-spacer\">\n\t\t\t<div class=\"elementor-spacer-inner\"><\/div>\n\t\t<\/div>\n\t\t\t\t\t\t<\/div>\n\t\t\t\t<\/div>\n\t\t\t\t<div class=\"elementor-element elementor-element-475022f elementor-widget elementor-widget-image\" data-id=\"475022f\" data-element_type=\"widget\" data-widget_type=\"image.default\">\n\t\t\t\t<div class=\"elementor-widget-container\">\n\t\t\t\t\t\t\t\t\t\t\t\t\t\t\t<img fetchpriority=\"high\" decoding=\"async\" width=\"300\" height=\"258\" src=\"https:\/\/posada06tulum.com\/wp-content\/uploads\/2020\/09\/unnamed-1-300x258.png\" class=\"attachment-medium size-medium wp-image-371\" alt=\"\" srcset=\"https:\/\/posada06tulum.com\/wp-content\/uploads\/2020\/09\/unnamed-1-300x258.png 300w, https:\/\/posada06tulum.com\/wp-content\/uploads\/2020\/09\/unnamed-1.png 646w\" sizes=\"(max-width: 300px) 100vw, 300px\" \/>\t\t\t\t\t\t\t\t\t\t\t\t\t\t\t<\/div>\n\t\t\t\t<\/div>\n\t\t\t\t\t<\/div>\n\t\t<\/div>\n\t\t\t\t\t<\/div>\n\t\t<\/section>\n\t\t\t\t<section class=\"elementor-section elementor-top-section elementor-element elementor-element-1c05d27 elementor-section-full_width elementor-section-stretched elementor-section-height-default elementor-section-height-default\" data-id=\"1c05d27\" data-element_type=\"section\" data-settings=\"{&quot;stretch_section&quot;:&quot;section-stretched&quot;,&quot;background_background&quot;:&quot;classic&quot;}\">\n\t\t\t\t\t\t<div class=\"elementor-container elementor-column-gap-default\">\n\t\t\t\t\t<div class=\"elementor-column elementor-col-100 elementor-top-column elementor-element elementor-element-8985c63\" data-id=\"8985c63\" data-element_type=\"column\">\n\t\t\t<div class=\"elementor-widget-wrap elementor-element-populated\">\n\t\t\t\t\t\t<div class=\"elementor-element elementor-element-8b8f0a3 elementor-widget elementor-widget-text-editor\" data-id=\"8b8f0a3\" data-element_type=\"widget\" data-widget_type=\"text-editor.default\">\n\t\t\t\t<div class=\"elementor-widget-container\">\n\t\t\t\t\t\t\t\t\t<div class=\"group segmentsize1\"><h2 class=\"full-width-h2\">We have opened our doors following all the high security protocols, with the certification of the HEALTH offices - COFEPRIS - SESA Training and Compliance with the Line and Official Protocols in the matter of Covid-19 (folio 1251)<\/h2><\/div><div class=\"group segmentsize1\"><div class=\"full-width-text-block\">\u00a0<\/div><\/div>\t\t\t\t\t\t\t\t<\/div>\n\t\t\t\t<\/div>\n\t\t\t\t<div class=\"elementor-element elementor-element-bb0d105 elementor-widget elementor-widget-text-editor\" data-id=\"bb0d105\" data-element_type=\"widget\" data-widget_type=\"text-editor.default\">\n\t\t\t\t<div class=\"elementor-widget-container\">\n\t\t\t\t\t\t\t\t\t<p>Information on the health protection and prevention measures contained in the \"Guide to actions for the tourism sector\" including: correct and frequent hand washing, avoid touching your face, not approaching other people for more than 1.5 meters, cover with the elbow when sneezing, do not shake hands, kiss or hug.<\/p><p>Information from the free mobile application \"Guess Assist\" to inform me about the health prevention protocol. Please present a valid photo ID and the credit card used in the reservation.<\/p><p>If you have additional questions, don't hesitate to contact us; our reception is available to you 24 hours a day, 7 days a week.<\/p>\t\t\t\t\t\t\t\t<\/div>\n\t\t\t\t<\/div>\n\t\t\t\t<div class=\"elementor-element elementor-element-798703b elementor-widget elementor-widget-text-editor\" data-id=\"798703b\" data-element_type=\"widget\" data-widget_type=\"text-editor.default\">\n\t\t\t\t<div class=\"elementor-widget-container\">\n\t\t\t\t\t\t\t\t\t<p><span style=\"font-family: &quot;Crimson Text&quot;, sans-serif; letter-spacing: 0.3px;\">Staff Hotel Posada 06 Tulum<\/span><br><\/p>\t\t\t\t\t\t\t\t<\/div>\n\t\t\t\t<\/div>\n\t\t\t\t\t<\/div>\n\t\t<\/div>\n\t\t\t\t\t<\/div>\n\t\t<\/section>\n\t\t\t\t<\/div>","protected":false},"excerpt":{"rendered":"<p>Hemos abierto nuestras puertas siguiendo todos los protocolos de alta seguridad , con la certificaci\u00f3n de las oficinas de SALUD &#8211; COFEPRIS &#8211; SESA Capacitaci\u00f3n y Cumplimento de L\u00ednea y Protocolos Oficiales en Materia de Covid-19 (folio 1251) \u00a0 Informaciones sobre las medidas de protecci\u00f3n y prevenci\u00f3n de salud contenidas en la \u201cGu\u00eda de acciones [&hellip;]<\/p>","protected":false},"author":1,"featured_media":0,"parent":0,"menu_order":0,"comment_status":"closed","ping_status":"closed","template":"elementor_header_footer","meta":{"footnotes":""},"class_list":["post-338","page","type-page","status-publish","hentry"],"yoast_head":"<!-- This site is optimized with the Yoast SEO plugin v24.7 - https:\/\/yoast.com\/wordpress\/plugins\/seo\/ -->\n<title>COVID-19 - Posada 06 Tulum Boutique Hotel<\/title>\n<meta name=\"robots\" content=\"index, follow, max-snippet:-1, max-image-preview:large, max-video-preview:-1\" \/>\n<link rel=\"canonical\" href=\"https:\/\/posada06tulum.com\/en\/covid-19\/\" \/>\n<meta property=\"og:locale\" content=\"en_US\" \/>\n<meta property=\"og:type\" content=\"article\" \/>\n<meta property=\"og:title\" content=\"COVID-19 - Posada 06 Tulum Boutique Hotel\" \/>\n<meta property=\"og:description\" content=\"Hemos abierto nuestras puertas siguiendo todos los protocolos de alta seguridad , con la certificaci\u00f3n de las oficinas de SALUD &#8211; COFEPRIS &#8211; SESA Capacitaci\u00f3n y Cumplimento de L\u00ednea y Protocolos Oficiales en Materia de Covid-19 (folio 1251) \u00a0 Informaciones sobre las medidas de protecci\u00f3n y prevenci\u00f3n de salud contenidas en la \u201cGu\u00eda de acciones [&hellip;]\" \/>\n<meta property=\"og:url\" content=\"https:\/\/posada06tulum.com\/en\/covid-19\/\" \/>\n<meta property=\"og:site_name\" content=\"Posada 06 Tulum Boutique Hotel\" \/>\n<meta property=\"article:publisher\" content=\"https:\/\/www.facebook.com\/posada06tulum\" \/>\n<meta property=\"article:modified_time\" content=\"2022-08-05T15:10:31+00:00\" \/>\n<meta property=\"og:image\" content=\"http:\/\/posada06tulum.com\/wp-content\/uploads\/2020\/09\/unnamed-1-300x258.png\" \/>\n<meta name=\"twitter:card\" content=\"summary_large_image\" \/>\n<meta name=\"twitter:site\" content=\"@HOTELPOSADA06\" \/>\n<meta name=\"twitter:label1\" content=\"Est. reading time\" \/>\n\t<meta name=\"twitter:data1\" content=\"1 minute\" \/>\n<script type=\"application\/ld+json\" class=\"yoast-schema-graph\">{\"@context\":\"https:\/\/schema.org\",\"@graph\":[{\"@type\":\"WebPage\",\"@id\":\"https:\/\/posada06tulum.com\/covid-19\/\",\"url\":\"https:\/\/posada06tulum.com\/covid-19\/\",\"name\":\"COVID-19 - Posada 06 Tulum Boutique Hotel\",\"isPartOf\":{\"@id\":\"https:\/\/posada06tulum.com\/#website\"},\"primaryImageOfPage\":{\"@id\":\"https:\/\/posada06tulum.com\/covid-19\/#primaryimage\"},\"image\":{\"@id\":\"https:\/\/posada06tulum.com\/covid-19\/#primaryimage\"},\"thumbnailUrl\":\"http:\/\/posada06tulum.com\/wp-content\/uploads\/2020\/09\/unnamed-1-300x258.png\",\"datePublished\":\"2020-09-16T14:20:39+00:00\",\"dateModified\":\"2022-08-05T15:10:31+00:00\",\"breadcrumb\":{\"@id\":\"https:\/\/posada06tulum.com\/covid-19\/#breadcrumb\"},\"inLanguage\":\"en-US\",\"potentialAction\":[{\"@type\":\"ReadAction\",\"target\":[\"https:\/\/posada06tulum.com\/covid-19\/\"]}]},{\"@type\":\"ImageObject\",\"inLanguage\":\"en-US\",\"@id\":\"https:\/\/posada06tulum.com\/covid-19\/#primaryimage\",\"url\":\"http:\/\/posada06tulum.com\/wp-content\/uploads\/2020\/09\/unnamed-1-300x258.png\",\"contentUrl\":\"http:\/\/posada06tulum.com\/wp-content\/uploads\/2020\/09\/unnamed-1-300x258.png\"},{\"@type\":\"BreadcrumbList\",\"@id\":\"https:\/\/posada06tulum.com\/covid-19\/#breadcrumb\",\"itemListElement\":[{\"@type\":\"ListItem\",\"position\":1,\"name\":\"Portada\",\"item\":\"https:\/\/posada06tulum.com\/\"},{\"@type\":\"ListItem\",\"position\":2,\"name\":\"COVID-19\"}]},{\"@type\":\"WebSite\",\"@id\":\"https:\/\/posada06tulum.com\/#website\",\"url\":\"https:\/\/posada06tulum.com\/\",\"name\":\"Posada 06 Tulum Boutique Hotel\",\"description\":\"A classic in Tulum Pueblo\",\"publisher\":{\"@id\":\"https:\/\/posada06tulum.com\/#organization\"},\"potentialAction\":[{\"@type\":\"SearchAction\",\"target\":{\"@type\":\"EntryPoint\",\"urlTemplate\":\"https:\/\/posada06tulum.com\/?s={search_term_string}\"},\"query-input\":{\"@type\":\"PropertyValueSpecification\",\"valueRequired\":true,\"valueName\":\"search_term_string\"}}],\"inLanguage\":\"en-US\"},{\"@type\":\"Organization\",\"@id\":\"https:\/\/posada06tulum.com\/#organization\",\"name\":\"Posada 06 Tulum Boutique Hotel\",\"url\":\"https:\/\/posada06tulum.com\/\",\"logo\":{\"@type\":\"ImageObject\",\"inLanguage\":\"en-US\",\"@id\":\"https:\/\/posada06tulum.com\/#\/schema\/logo\/image\/\",\"url\":\"https:\/\/posada06tulum.com\/wp-content\/uploads\/2020\/09\/favicon.png\",\"contentUrl\":\"https:\/\/posada06tulum.com\/wp-content\/uploads\/2020\/09\/favicon.png\",\"width\":568,\"height\":568,\"caption\":\"Posada 06 Tulum Boutique Hotel\"},\"image\":{\"@id\":\"https:\/\/posada06tulum.com\/#\/schema\/logo\/image\/\"},\"sameAs\":[\"https:\/\/www.facebook.com\/posada06tulum\",\"https:\/\/x.com\/HOTELPOSADA06\",\"https:\/\/www.instagram.com\/posada06tulum\/\"]}]}<\/script>\n<!-- \/ Yoast SEO plugin. -->","yoast_head_json":{"title":"COVID-19 - Posada 06 Tulum Boutique Hotel","robots":{"index":"index","follow":"follow","max-snippet":"max-snippet:-1","max-image-preview":"max-image-preview:large","max-video-preview":"max-video-preview:-1"},"canonical":"https:\/\/posada06tulum.com\/en\/covid-19\/","og_locale":"en_US","og_type":"article","og_title":"COVID-19 - Posada 06 Tulum Boutique Hotel","og_description":"Hemos abierto nuestras puertas siguiendo todos los protocolos de alta seguridad , con la certificaci\u00f3n de las oficinas de SALUD &#8211; COFEPRIS &#8211; SESA Capacitaci\u00f3n y Cumplimento de L\u00ednea y Protocolos Oficiales en Materia de Covid-19 (folio 1251) \u00a0 Informaciones sobre las medidas de protecci\u00f3n y prevenci\u00f3n de salud contenidas en la \u201cGu\u00eda de acciones [&hellip;]","og_url":"https:\/\/posada06tulum.com\/en\/covid-19\/","og_site_name":"Posada 06 Tulum Boutique Hotel","article_publisher":"https:\/\/www.facebook.com\/posada06tulum","article_modified_time":"2022-08-05T15:10:31+00:00","og_image":[{"url":"http:\/\/posada06tulum.com\/wp-content\/uploads\/2020\/09\/unnamed-1-300x258.png","type":"","width":"","height":""}],"twitter_card":"summary_large_image","twitter_site":"@HOTELPOSADA06","twitter_misc":{"Est. reading time":"1 minute"},"schema":{"@context":"https:\/\/schema.org","@graph":[{"@type":"WebPage","@id":"https:\/\/posada06tulum.com\/covid-19\/","url":"https:\/\/posada06tulum.com\/covid-19\/","name":"COVID-19 - Posada 06 Tulum Boutique Hotel","isPartOf":{"@id":"https:\/\/posada06tulum.com\/#website"},"primaryImageOfPage":{"@id":"https:\/\/posada06tulum.com\/covid-19\/#primaryimage"},"image":{"@id":"https:\/\/posada06tulum.com\/covid-19\/#primaryimage"},"thumbnailUrl":"http:\/\/posada06tulum.com\/wp-content\/uploads\/2020\/09\/unnamed-1-300x258.png","datePublished":"2020-09-16T14:20:39+00:00","dateModified":"2022-08-05T15:10:31+00:00","breadcrumb":{"@id":"https:\/\/posada06tulum.com\/covid-19\/#breadcrumb"},"inLanguage":"en-US","potentialAction":[{"@type":"ReadAction","target":["https:\/\/posada06tulum.com\/covid-19\/"]}]},{"@type":"ImageObject","inLanguage":"en-US","@id":"https:\/\/posada06tulum.com\/covid-19\/#primaryimage","url":"http:\/\/posada06tulum.com\/wp-content\/uploads\/2020\/09\/unnamed-1-300x258.png","contentUrl":"http:\/\/posada06tulum.com\/wp-content\/uploads\/2020\/09\/unnamed-1-300x258.png"},{"@type":"BreadcrumbList","@id":"https:\/\/posada06tulum.com\/covid-19\/#breadcrumb","itemListElement":[{"@type":"ListItem","position":1,"name":"Portada","item":"https:\/\/posada06tulum.com\/"},{"@type":"ListItem","position":2,"name":"COVID-19"}]},{"@type":"WebSite","@id":"https:\/\/posada06tulum.com\/#website","url":"https:\/\/posada06tulum.com\/","name":"Posada 06 Tulum Boutique Hotel","description":"A classic in Tulum Pueblo","publisher":{"@id":"https:\/\/posada06tulum.com\/#organization"},"potentialAction":[{"@type":"SearchAction","target":{"@type":"EntryPoint","urlTemplate":"https:\/\/posada06tulum.com\/?s={search_term_string}"},"query-input":{"@type":"PropertyValueSpecification","valueRequired":true,"valueName":"search_term_string"}}],"inLanguage":"en-US"},{"@type":"Organization","@id":"https:\/\/posada06tulum.com\/#organization","name":"Posada 06 Tulum Boutique Hotel","url":"https:\/\/posada06tulum.com\/","logo":{"@type":"ImageObject","inLanguage":"en-US","@id":"https:\/\/posada06tulum.com\/#\/schema\/logo\/image\/","url":"https:\/\/posada06tulum.com\/wp-content\/uploads\/2020\/09\/favicon.png","contentUrl":"https:\/\/posada06tulum.com\/wp-content\/uploads\/2020\/09\/favicon.png","width":568,"height":568,"caption":"Posada 06 Tulum Boutique Hotel"},"image":{"@id":"https:\/\/posada06tulum.com\/#\/schema\/logo\/image\/"},"sameAs":["https:\/\/www.facebook.com\/posada06tulum","https:\/\/x.com\/HOTELPOSADA06","https:\/\/www.instagram.com\/posada06tulum\/"]}]}},"_links":{"self":[{"href":"https:\/\/posada06tulum.com\/en\/wp-json\/wp\/v2\/pages\/338","targetHints":{"allow":["GET"]}}],"collection":[{"href":"https:\/\/posada06tulum.com\/en\/wp-json\/wp\/v2\/pages"}],"about":[{"href":"https:\/\/posada06tulum.com\/en\/wp-json\/wp\/v2\/types\/page"}],"author":[{"embeddable":true,"href":"https:\/\/posada06tulum.com\/en\/wp-json\/wp\/v2\/users\/1"}],"replies":[{"embeddable":true,"href":"https:\/\/posada06tulum.com\/en\/wp-json\/wp\/v2\/comments?post=338"}],"version-history":[{"count":3,"href":"https:\/\/posada06tulum.com\/en\/wp-json\/wp\/v2\/pages\/338\/revisions"}],"predecessor-version":[{"id":654,"href":"https:\/\/posada06tulum.com\/en\/wp-json\/wp\/v2\/pages\/338\/revisions\/654"}],"wp:attachment":[{"href":"https:\/\/posada06tulum.com\/en\/wp-json\/wp\/v2\/media?parent=338"}],"curies":[{"name":"wp","href":"https:\/\/api.w.org\/{rel}","templated":true}]}}